{"id":880,"date":"2023-11-12T15:10:44","date_gmt":"2023-11-12T14:10:44","guid":{"rendered":"https:\/\/uneplumeetmillehistoires.fr\/?page_id=880"},"modified":"2024-01-07T14:32:40","modified_gmt":"2024-01-07T13:32:40","slug":"livre-pour-enfants-quand-je-lis-des-histoires","status":"publish","type":"page","link":"https:\/\/uneplumeetmillehistoires.fr\/index.php\/livre-pour-enfants-quand-je-lis-des-histoires\/","title":{"rendered":"Livre pour enfants : \u00ab Quand je lis des histoires \u00bb"},"content":{"rendered":"\t\t<div data-elementor-type=\"wp-page\" data-elementor-id=\"880\" class=\"elementor elementor-880\">\n\t\t\t\t\t\t<section class=\"elementor-section elementor-top-section elementor-element elementor-element-573f233 elementor-section-stretched elementor-section-boxed elementor-section-height-default elementor-section-height-default\" data-id=\"573f233\" data-element_type=\"section\" data-settings=\"{&quot;stretch_section&quot;:&quot;section-stretched&quot;}\">\n\t\t\t\t\t\t<div class=\"elementor-container elementor-column-gap-default\">\n\t\t\t\t\t<div class=\"elementor-column elementor-col-100 elementor-top-column elementor-element elementor-element-fb5499f\" data-id=\"fb5499f\" data-element_type=\"column\">\n\t\t\t<div class=\"elementor-widget-wrap elementor-element-populated\">\n\t\t\t\t\t\t<div class=\"elementor-element elementor-element-de9c5fd elementor-widget elementor-widget-heading\" data-id=\"de9c5fd\" data-element_type=\"widget\" data-widget_type=\"heading.default\">\n\t\t\t\t<div class=\"elementor-widget-container\">\n\t\t\t<style>\/*! elementor - v3.23.0 - 15-07-2024 *\/\n.elementor-heading-title{padding:0;margin:0;line-height:1}.elementor-widget-heading .elementor-heading-title[class*=elementor-size-]>a{color:inherit;font-size:inherit;line-height:inherit}.elementor-widget-heading .elementor-heading-title.elementor-size-small{font-size:15px}.elementor-widget-heading .elementor-heading-title.elementor-size-medium{font-size:19px}.elementor-widget-heading .elementor-heading-title.elementor-size-large{font-size:29px}.elementor-widget-heading .elementor-heading-title.elementor-size-xl{font-size:39px}.elementor-widget-heading .elementor-heading-title.elementor-size-xxl{font-size:59px}<\/style><h1 class=\"elementor-heading-title elementor-size-xl\">Livre pour enfants : \u00ab Quand je lis des histoires \u00bb<\/h1>\t\t<\/div>\n\t\t\t\t<\/div>\n\t\t\t\t<section class=\"elementor-section elementor-inner-section elementor-element elementor-element-33e4411 elementor-section-boxed elementor-section-height-default elementor-section-height-default\" data-id=\"33e4411\" data-element_type=\"section\">\n\t\t\t\t\t\t<div class=\"elementor-container elementor-column-gap-default\">\n\t\t\t\t\t<div class=\"elementor-column elementor-col-50 elementor-inner-column elementor-element elementor-element-4e9cd8f\" data-id=\"4e9cd8f\" data-element_type=\"column\">\n\t\t\t<div class=\"elementor-widget-wrap elementor-element-populated\">\n\t\t\t\t\t\t<div class=\"elementor-element elementor-element-a0a7038 elementor-widget elementor-widget-text-editor\" data-id=\"a0a7038\" data-element_type=\"widget\" data-widget_type=\"text-editor.default\">\n\t\t\t\t<div class=\"elementor-widget-container\">\n\t\t\t<style>\/*! elementor - v3.23.0 - 15-07-2024 *\/\n.elementor-widget-text-editor.elementor-drop-cap-view-stacked .elementor-drop-cap{background-color:#69727d;color:#fff}.elementor-widget-text-editor.elementor-drop-cap-view-framed .elementor-drop-cap{color:#69727d;border:3px solid;background-color:transparent}.elementor-widget-text-editor:not(.elementor-drop-cap-view-default) .elementor-drop-cap{margin-top:8px}.elementor-widget-text-editor:not(.elementor-drop-cap-view-default) .elementor-drop-cap-letter{width:1em;height:1em}.elementor-widget-text-editor .elementor-drop-cap{float:left;text-align:center;line-height:1;font-size:50px}.elementor-widget-text-editor .elementor-drop-cap-letter{display:inline-block}<\/style>\t\t\t\t<p style=\"text-align: center;\">J\u2019aime beaucoup les histoires.<br \/>Celles que je lis dans mon lit,<br \/>dans le jardin ou sur un coussin.<br \/>Celles qui me font rire,<br \/>celles qui me font peur.<br \/>Celles que je lis seul<br \/>et celles remplies de c\u00e2lins.<\/p>\t\t\t\t\t\t<\/div>\n\t\t\t\t<\/div>\n\t\t\t\t<div class=\"elementor-element elementor-element-0d32498 elementor-widget elementor-widget-image\" data-id=\"0d32498\" data-element_type=\"widget\" data-widget_type=\"image.default\">\n\t\t\t\t<div class=\"elementor-widget-container\">\n\t\t\t<style>\/*! elementor - v3.23.0 - 15-07-2024 *\/\n.elementor-widget-image{text-align:center}.elementor-widget-image a{display:inline-block}.elementor-widget-image a img[src$=\".svg\"]{width:48px}.elementor-widget-image img{vertical-align:middle;display:inline-block}<\/style>\t\t\t\t\t\t\t\t\t\t<img fetchpriority=\"high\" decoding=\"async\" width=\"1024\" height=\"771\" src=\"https:\/\/uneplumeetmillehistoires.fr\/wp-content\/uploads\/2023\/11\/IMG_20231025_170807-1024x771.jpg\" class=\"attachment-large size-large wp-image-883\" alt=\"\" srcset=\"https:\/\/uneplumeetmillehistoires.fr\/wp-content\/uploads\/2023\/11\/IMG_20231025_170807-1024x771.jpg 1024w, https:\/\/uneplumeetmillehistoires.fr\/wp-content\/uploads\/2023\/11\/IMG_20231025_170807-300x226.jpg 300w, https:\/\/uneplumeetmillehistoires.fr\/wp-content\/uploads\/2023\/11\/IMG_20231025_170807-768x578.jpg 768w, https:\/\/uneplumeetmillehistoires.fr\/wp-content\/uploads\/2023\/11\/IMG_20231025_170807-1536x1157.jpg 1536w, https:\/\/uneplumeetmillehistoires.fr\/wp-content\/uploads\/2023\/11\/IMG_20231025_170807-2048x1542.jpg 2048w\" sizes=\"(max-width: 1024px) 100vw, 1024px\" \/>\t\t\t\t\t\t\t\t\t\t\t\t\t<\/div>\n\t\t\t\t<\/div>\n\t\t\t\t<div class=\"elementor-element elementor-element-4a220f8 elementor-widget elementor-widget-text-editor\" data-id=\"4a220f8\" data-element_type=\"widget\" data-widget_type=\"text-editor.default\">\n\t\t\t\t<div class=\"elementor-widget-container\">\n\t\t\t\t\t\t\t<p>Quand je lis des histoires, un livre qui invite l\u2019enfant \u00e0 illustrer lui-m\u00eame le texte du livre, pour prolonger le plaisir de la lecture et laisser libre cours \u00e0 son imagination.<\/p>\t\t\t\t\t\t<\/div>\n\t\t\t\t<\/div>\n\t\t\t\t<div class=\"elementor-element elementor-element-d42161a elementor-widget elementor-widget-image\" data-id=\"d42161a\" data-element_type=\"widget\" data-widget_type=\"image.default\">\n\t\t\t\t<div class=\"elementor-widget-container\">\n\t\t\t\t\t\t\t\t\t\t\t\t\t<img decoding=\"async\" width=\"1024\" height=\"771\" src=\"https:\/\/uneplumeetmillehistoires.fr\/wp-content\/uploads\/2023\/11\/IMG_20231031_193903-1024x771.jpg\" class=\"attachment-large size-large wp-image-884\" alt=\"\" srcset=\"https:\/\/uneplumeetmillehistoires.fr\/wp-content\/uploads\/2023\/11\/IMG_20231031_193903-1024x771.jpg 1024w, https:\/\/uneplumeetmillehistoires.fr\/wp-content\/uploads\/2023\/11\/IMG_20231031_193903-300x226.jpg 300w, https:\/\/uneplumeetmillehistoires.fr\/wp-content\/uploads\/2023\/11\/IMG_20231031_193903-768x578.jpg 768w, https:\/\/uneplumeetmillehistoires.fr\/wp-content\/uploads\/2023\/11\/IMG_20231031_193903-1536x1157.jpg 1536w, https:\/\/uneplumeetmillehistoires.fr\/wp-content\/uploads\/2023\/11\/IMG_20231031_193903-2048x1542.jpg 2048w\" sizes=\"(max-width: 1024px) 100vw, 1024px\" \/>\t\t\t\t\t\t\t\t\t\t\t\t\t<\/div>\n\t\t\t\t<\/div>\n\t\t\t\t\t<\/div>\n\t\t<\/div>\n\t\t\t\t<div class=\"elementor-column elementor-col-50 elementor-inner-column elementor-element elementor-element-f8b1e74\" data-id=\"f8b1e74\" data-element_type=\"column\">\n\t\t\t<div class=\"elementor-widget-wrap elementor-element-populated\">\n\t\t\t\t\t\t<div class=\"elementor-element elementor-element-6bad972 elementor-widget elementor-widget-image\" data-id=\"6bad972\" data-element_type=\"widget\" data-widget_type=\"image.default\">\n\t\t\t\t<div class=\"elementor-widget-container\">\n\t\t\t\t\t\t\t\t\t\t\t\t\t<img decoding=\"async\" width=\"710\" height=\"1024\" src=\"https:\/\/uneplumeetmillehistoires.fr\/wp-content\/uploads\/2023\/11\/IMG_20231025_171407-710x1024.jpg\" class=\"attachment-large size-large wp-image-885\" alt=\"\" srcset=\"https:\/\/uneplumeetmillehistoires.fr\/wp-content\/uploads\/2023\/11\/IMG_20231025_171407-710x1024.jpg 710w, https:\/\/uneplumeetmillehistoires.fr\/wp-content\/uploads\/2023\/11\/IMG_20231025_171407-208x300.jpg 208w, https:\/\/uneplumeetmillehistoires.fr\/wp-content\/uploads\/2023\/11\/IMG_20231025_171407-768x1108.jpg 768w, https:\/\/uneplumeetmillehistoires.fr\/wp-content\/uploads\/2023\/11\/IMG_20231025_171407-1064x1536.jpg 1064w, https:\/\/uneplumeetmillehistoires.fr\/wp-content\/uploads\/2023\/11\/IMG_20231025_171407-1419x2048.jpg 1419w, https:\/\/uneplumeetmillehistoires.fr\/wp-content\/uploads\/2023\/11\/IMG_20231025_171407-scaled.jpg 1774w\" sizes=\"(max-width: 710px) 100vw, 710px\" \/>\t\t\t\t\t\t\t\t\t\t\t\t\t<\/div>\n\t\t\t\t<\/div>\n\t\t\t\t<div class=\"elementor-element elementor-element-404a1ed elementor-widget elementor-widget-image\" data-id=\"404a1ed\" data-element_type=\"widget\" data-widget_type=\"image.default\">\n\t\t\t\t<div class=\"elementor-widget-container\">\n\t\t\t\t\t\t\t\t\t\t\t\t\t<img loading=\"lazy\" decoding=\"async\" width=\"1024\" height=\"612\" src=\"https:\/\/uneplumeetmillehistoires.fr\/wp-content\/uploads\/2023\/11\/enfant-1024x612.jpg\" class=\"attachment-large size-large wp-image-886\" alt=\"\" srcset=\"https:\/\/uneplumeetmillehistoires.fr\/wp-content\/uploads\/2023\/11\/enfant-1024x612.jpg 1024w, https:\/\/uneplumeetmillehistoires.fr\/wp-content\/uploads\/2023\/11\/enfant-300x179.jpg 300w, https:\/\/uneplumeetmillehistoires.fr\/wp-content\/uploads\/2023\/11\/enfant-768x459.jpg 768w, https:\/\/uneplumeetmillehistoires.fr\/wp-content\/uploads\/2023\/11\/enfant-1536x918.jpg 1536w, https:\/\/uneplumeetmillehistoires.fr\/wp-content\/uploads\/2023\/11\/enfant-2048x1224.jpg 2048w\" sizes=\"(max-width: 1024px) 100vw, 1024px\" \/>\t\t\t\t\t\t\t\t\t\t\t\t\t<\/div>\n\t\t\t\t<\/div>\n\t\t\t\t<div class=\"elementor-element elementor-element-c6acf4d elementor-widget elementor-widget-text-editor\" data-id=\"c6acf4d\" data-element_type=\"widget\" data-widget_type=\"text-editor.default\">\n\t\t\t\t<div class=\"elementor-widget-container\">\n\t\t\t\t\t\t\t<p>D\u00e9couvrez-le en vous le procurant vite\u00a0:<\/p><p>&#8211; sur le site <span style=\"text-decoration: underline;\"><span style=\"color: #0000ff;\"><a style=\"color: #0000ff; text-decoration: underline;\" href=\"https:\/\/www.coollibri.com\/bibliotheque-en-ligne\/karin-ruckebusch\/quand-je-lis-des-histoires-vdef_500644\">Coolibri<\/a><\/span><\/span><\/p><p>&#8211; \u00e0 la Librairie \u00ab\u00a0Atelier Livres\u00a0\u00bb d&#8217;Orchies<\/p><p>&#8211; ou en <a href=\"https:\/\/uneplumeetmillehistoires.fr\/index.php\/a-propos\/\"><span style=\"text-decoration: underline;\"><span style=\"color: #0000ff; text-decoration: underline;\">me contactant<\/span><\/span><\/a> directement\u00a0!<\/p>\t\t\t\t\t\t<\/div>\n\t\t\t\t<\/div>\n\t\t\t\t\t<\/div>\n\t\t<\/div>\n\t\t\t\t\t<\/div>\n\t\t<\/section>\n\t\t\t\t\t<\/div>\n\t\t<\/div>\n\t\t\t\t\t<\/div>\n\t\t<\/section>\n\t\t\t\t<\/div>\n\t\t","protected":false},"excerpt":{"rendered":"<p>Livre pour enfants : \u00ab Quand je lis des histoires \u00bb J\u2019aime beaucoup les histoires.Celles que je lis dans mon lit,dans le jardin ou sur un coussin.Celles qui me font rire,celles qui me font peur.Celles que je lis seulet celles remplies de c\u00e2lins. Quand je lis des histoires, un livre qui invite l\u2019enfant \u00e0 illustrer [&hellip;]<\/p>\n","protected":false},"author":1,"featured_media":0,"parent":0,"menu_order":0,"comment_status":"closed","ping_status":"closed","template":"","meta":{"footnotes":""},"class_list":["post-880","page","type-page","status-publish","hentry","entry"],"yoast_head":"<!-- This site is optimized with the Yoast SEO plugin v23.0 - https:\/\/yoast.com\/wordpress\/plugins\/seo\/ -->\n<title>Livre pour enfants : \u00ab Quand je lis des histoires \u00bb - Une plume et mille histoires<\/title>\n<meta name=\"robots\" content=\"index, follow, max-snippet:-1, max-image-preview:large, max-video-preview:-1\" \/>\n<link rel=\"canonical\" href=\"https:\/\/uneplumeetmillehistoires.fr\/index.php\/livre-pour-enfants-quand-je-lis-des-histoires\/\" \/>\n<meta property=\"og:locale\" content=\"en_US\" \/>\n<meta property=\"og:type\" content=\"article\" \/>\n<meta property=\"og:title\" content=\"Livre pour enfants : \u00ab Quand je lis des histoires \u00bb - Une plume et mille histoires\" \/>\n<meta property=\"og:description\" content=\"Livre pour enfants : \u00ab Quand je lis des histoires \u00bb J\u2019aime beaucoup les histoires.Celles que je lis dans mon lit,dans le jardin ou sur un coussin.Celles qui me font rire,celles qui me font peur.Celles que je lis seulet celles remplies de c\u00e2lins. Quand je lis des histoires, un livre qui invite l\u2019enfant \u00e0 illustrer [&hellip;]\" \/>\n<meta property=\"og:url\" content=\"https:\/\/uneplumeetmillehistoires.fr\/index.php\/livre-pour-enfants-quand-je-lis-des-histoires\/\" \/>\n<meta property=\"og:site_name\" content=\"Une plume et mille histoires\" \/>\n<meta property=\"article:publisher\" content=\"https:\/\/www.facebook.com\/profile.php?id=100086652561948\" \/>\n<meta property=\"article:modified_time\" content=\"2024-01-07T13:32:40+00:00\" \/>\n<meta property=\"og:image\" content=\"http:\/\/uneplumeetmillehistoires.fr\/wp-content\/uploads\/2023\/11\/IMG_20231025_170807-1024x771.jpg\" \/>\n<meta name=\"twitter:card\" content=\"summary_large_image\" \/>\n<meta name=\"twitter:label1\" content=\"Est. reading time\" \/>\n\t<meta name=\"twitter:data1\" content=\"1 minute\" \/>\n<script type=\"application\/ld+json\" class=\"yoast-schema-graph\">{\"@context\":\"https:\/\/schema.org\",\"@graph\":[{\"@type\":\"WebPage\",\"@id\":\"https:\/\/uneplumeetmillehistoires.fr\/index.php\/livre-pour-enfants-quand-je-lis-des-histoires\/\",\"url\":\"https:\/\/uneplumeetmillehistoires.fr\/index.php\/livre-pour-enfants-quand-je-lis-des-histoires\/\",\"name\":\"Livre pour enfants : \u00ab Quand je lis des histoires \u00bb - Une plume et mille histoires\",\"isPartOf\":{\"@id\":\"https:\/\/uneplumeetmillehistoires.fr\/#website\"},\"primaryImageOfPage\":{\"@id\":\"https:\/\/uneplumeetmillehistoires.fr\/index.php\/livre-pour-enfants-quand-je-lis-des-histoires\/#primaryimage\"},\"image\":{\"@id\":\"https:\/\/uneplumeetmillehistoires.fr\/index.php\/livre-pour-enfants-quand-je-lis-des-histoires\/#primaryimage\"},\"thumbnailUrl\":\"http:\/\/uneplumeetmillehistoires.fr\/wp-content\/uploads\/2023\/11\/IMG_20231025_170807-1024x771.jpg\",\"datePublished\":\"2023-11-12T14:10:44+00:00\",\"dateModified\":\"2024-01-07T13:32:40+00:00\",\"breadcrumb\":{\"@id\":\"https:\/\/uneplumeetmillehistoires.fr\/index.php\/livre-pour-enfants-quand-je-lis-des-histoires\/#breadcrumb\"},\"inLanguage\":\"en-US\",\"potentialAction\":[{\"@type\":\"ReadAction\",\"target\":[\"https:\/\/uneplumeetmillehistoires.fr\/index.php\/livre-pour-enfants-quand-je-lis-des-histoires\/\"]}]},{\"@type\":\"ImageObject\",\"inLanguage\":\"en-US\",\"@id\":\"https:\/\/uneplumeetmillehistoires.fr\/index.php\/livre-pour-enfants-quand-je-lis-des-histoires\/#primaryimage\",\"url\":\"https:\/\/uneplumeetmillehistoires.fr\/wp-content\/uploads\/2023\/11\/IMG_20231025_170807-scaled.jpg\",\"contentUrl\":\"https:\/\/uneplumeetmillehistoires.fr\/wp-content\/uploads\/2023\/11\/IMG_20231025_170807-scaled.jpg\",\"width\":2560,\"height\":1928},{\"@type\":\"BreadcrumbList\",\"@id\":\"https:\/\/uneplumeetmillehistoires.fr\/index.php\/livre-pour-enfants-quand-je-lis-des-histoires\/#breadcrumb\",\"itemListElement\":[{\"@type\":\"ListItem\",\"position\":1,\"name\":\"Accueil\",\"item\":\"https:\/\/uneplumeetmillehistoires.fr\/\"},{\"@type\":\"ListItem\",\"position\":2,\"name\":\"Livre pour enfants : \u00ab Quand je lis des histoires \u00bb\"}]},{\"@type\":\"WebSite\",\"@id\":\"https:\/\/uneplumeetmillehistoires.fr\/#website\",\"url\":\"https:\/\/uneplumeetmillehistoires.fr\/\",\"name\":\"Une plume et mille histoires\",\"description\":\"Une plume et mille histoires\",\"publisher\":{\"@id\":\"https:\/\/uneplumeetmillehistoires.fr\/#organization\"},\"potentialAction\":[{\"@type\":\"SearchAction\",\"target\":{\"@type\":\"EntryPoint\",\"urlTemplate\":\"https:\/\/uneplumeetmillehistoires.fr\/?s={search_term_string}\"},\"query-input\":\"required name=search_term_string\"}],\"inLanguage\":\"en-US\"},{\"@type\":\"Organization\",\"@id\":\"https:\/\/uneplumeetmillehistoires.fr\/#organization\",\"name\":\"Une plume et mille histoires\",\"url\":\"https:\/\/uneplumeetmillehistoires.fr\/\",\"logo\":{\"@type\":\"ImageObject\",\"inLanguage\":\"en-US\",\"@id\":\"https:\/\/uneplumeetmillehistoires.fr\/#\/schema\/logo\/image\/\",\"url\":\"https:\/\/uneplumeetmillehistoires.fr\/wp-content\/uploads\/2022\/10\/cropped-logo-Une-plume-et-mille-histoires.png\",\"contentUrl\":\"https:\/\/uneplumeetmillehistoires.fr\/wp-content\/uploads\/2022\/10\/cropped-logo-Une-plume-et-mille-histoires.png\",\"width\":1039,\"height\":685,\"caption\":\"Une plume et mille histoires\"},\"image\":{\"@id\":\"https:\/\/uneplumeetmillehistoires.fr\/#\/schema\/logo\/image\/\"},\"sameAs\":[\"https:\/\/www.facebook.com\/profile.php?id=100086652561948\"]}]}<\/script>\n<!-- \/ Yoast SEO plugin. -->","yoast_head_json":{"title":"Livre pour enfants : \u00ab Quand je lis des histoires \u00bb - Une plume et mille histoires","robots":{"index":"index","follow":"follow","max-snippet":"max-snippet:-1","max-image-preview":"max-image-preview:large","max-video-preview":"max-video-preview:-1"},"canonical":"https:\/\/uneplumeetmillehistoires.fr\/index.php\/livre-pour-enfants-quand-je-lis-des-histoires\/","og_locale":"en_US","og_type":"article","og_title":"Livre pour enfants : \u00ab Quand je lis des histoires \u00bb - Une plume et mille histoires","og_description":"Livre pour enfants : \u00ab Quand je lis des histoires \u00bb J\u2019aime beaucoup les histoires.Celles que je lis dans mon lit,dans le jardin ou sur un coussin.Celles qui me font rire,celles qui me font peur.Celles que je lis seulet celles remplies de c\u00e2lins. Quand je lis des histoires, un livre qui invite l\u2019enfant \u00e0 illustrer [&hellip;]","og_url":"https:\/\/uneplumeetmillehistoires.fr\/index.php\/livre-pour-enfants-quand-je-lis-des-histoires\/","og_site_name":"Une plume et mille histoires","article_publisher":"https:\/\/www.facebook.com\/profile.php?id=100086652561948","article_modified_time":"2024-01-07T13:32:40+00:00","og_image":[{"url":"http:\/\/uneplumeetmillehistoires.fr\/wp-content\/uploads\/2023\/11\/IMG_20231025_170807-1024x771.jpg"}],"twitter_card":"summary_large_image","twitter_misc":{"Est. reading time":"1 minute"},"schema":{"@context":"https:\/\/schema.org","@graph":[{"@type":"WebPage","@id":"https:\/\/uneplumeetmillehistoires.fr\/index.php\/livre-pour-enfants-quand-je-lis-des-histoires\/","url":"https:\/\/uneplumeetmillehistoires.fr\/index.php\/livre-pour-enfants-quand-je-lis-des-histoires\/","name":"Livre pour enfants : \u00ab Quand je lis des histoires \u00bb - Une plume et mille histoires","isPartOf":{"@id":"https:\/\/uneplumeetmillehistoires.fr\/#website"},"primaryImageOfPage":{"@id":"https:\/\/uneplumeetmillehistoires.fr\/index.php\/livre-pour-enfants-quand-je-lis-des-histoires\/#primaryimage"},"image":{"@id":"https:\/\/uneplumeetmillehistoires.fr\/index.php\/livre-pour-enfants-quand-je-lis-des-histoires\/#primaryimage"},"thumbnailUrl":"http:\/\/uneplumeetmillehistoires.fr\/wp-content\/uploads\/2023\/11\/IMG_20231025_170807-1024x771.jpg","datePublished":"2023-11-12T14:10:44+00:00","dateModified":"2024-01-07T13:32:40+00:00","breadcrumb":{"@id":"https:\/\/uneplumeetmillehistoires.fr\/index.php\/livre-pour-enfants-quand-je-lis-des-histoires\/#breadcrumb"},"inLanguage":"en-US","potentialAction":[{"@type":"ReadAction","target":["https:\/\/uneplumeetmillehistoires.fr\/index.php\/livre-pour-enfants-quand-je-lis-des-histoires\/"]}]},{"@type":"ImageObject","inLanguage":"en-US","@id":"https:\/\/uneplumeetmillehistoires.fr\/index.php\/livre-pour-enfants-quand-je-lis-des-histoires\/#primaryimage","url":"https:\/\/uneplumeetmillehistoires.fr\/wp-content\/uploads\/2023\/11\/IMG_20231025_170807-scaled.jpg","contentUrl":"https:\/\/uneplumeetmillehistoires.fr\/wp-content\/uploads\/2023\/11\/IMG_20231025_170807-scaled.jpg","width":2560,"height":1928},{"@type":"BreadcrumbList","@id":"https:\/\/uneplumeetmillehistoires.fr\/index.php\/livre-pour-enfants-quand-je-lis-des-histoires\/#breadcrumb","itemListElement":[{"@type":"ListItem","position":1,"name":"Accueil","item":"https:\/\/uneplumeetmillehistoires.fr\/"},{"@type":"ListItem","position":2,"name":"Livre pour enfants : \u00ab Quand je lis des histoires \u00bb"}]},{"@type":"WebSite","@id":"https:\/\/uneplumeetmillehistoires.fr\/#website","url":"https:\/\/uneplumeetmillehistoires.fr\/","name":"Une plume et mille histoires","description":"Une plume et mille histoires","publisher":{"@id":"https:\/\/uneplumeetmillehistoires.fr\/#organization"},"potentialAction":[{"@type":"SearchAction","target":{"@type":"EntryPoint","urlTemplate":"https:\/\/uneplumeetmillehistoires.fr\/?s={search_term_string}"},"query-input":"required name=search_term_string"}],"inLanguage":"en-US"},{"@type":"Organization","@id":"https:\/\/uneplumeetmillehistoires.fr\/#organization","name":"Une plume et mille histoires","url":"https:\/\/uneplumeetmillehistoires.fr\/","logo":{"@type":"ImageObject","inLanguage":"en-US","@id":"https:\/\/uneplumeetmillehistoires.fr\/#\/schema\/logo\/image\/","url":"https:\/\/uneplumeetmillehistoires.fr\/wp-content\/uploads\/2022\/10\/cropped-logo-Une-plume-et-mille-histoires.png","contentUrl":"https:\/\/uneplumeetmillehistoires.fr\/wp-content\/uploads\/2022\/10\/cropped-logo-Une-plume-et-mille-histoires.png","width":1039,"height":685,"caption":"Une plume et mille histoires"},"image":{"@id":"https:\/\/uneplumeetmillehistoires.fr\/#\/schema\/logo\/image\/"},"sameAs":["https:\/\/www.facebook.com\/profile.php?id=100086652561948"]}]}},"_links":{"self":[{"href":"https:\/\/uneplumeetmillehistoires.fr\/index.php\/wp-json\/wp\/v2\/pages\/880","targetHints":{"allow":["GET"]}}],"collection":[{"href":"https:\/\/uneplumeetmillehistoires.fr\/index.php\/wp-json\/wp\/v2\/pages"}],"about":[{"href":"https:\/\/uneplumeetmillehistoires.fr\/index.php\/wp-json\/wp\/v2\/types\/page"}],"author":[{"embeddable":true,"href":"https:\/\/uneplumeetmillehistoires.fr\/index.php\/wp-json\/wp\/v2\/users\/1"}],"replies":[{"embeddable":true,"href":"https:\/\/uneplumeetmillehistoires.fr\/index.php\/wp-json\/wp\/v2\/comments?post=880"}],"version-history":[{"count":15,"href":"https:\/\/uneplumeetmillehistoires.fr\/index.php\/wp-json\/wp\/v2\/pages\/880\/revisions"}],"predecessor-version":[{"id":947,"href":"https:\/\/uneplumeetmillehistoires.fr\/index.php\/wp-json\/wp\/v2\/pages\/880\/revisions\/947"}],"wp:attachment":[{"href":"https:\/\/uneplumeetmillehistoires.fr\/index.php\/wp-json\/wp\/v2\/media?parent=880"}],"curies":[{"name":"wp","href":"https:\/\/api.w.org\/{rel}","templated":true}]}}