{"id":50,"date":"2022-09-10T13:52:21","date_gmt":"2022-09-10T11:52:21","guid":{"rendered":"http:\/\/uneplumeetmillehistoires.fr\/?page_id=50"},"modified":"2024-01-07T14:24:32","modified_gmt":"2024-01-07T13:24:32","slug":"racontez-moi-votre-histoire","status":"publish","type":"page","link":"https:\/\/uneplumeetmillehistoires.fr\/index.php\/racontez-moi-votre-histoire\/","title":{"rendered":"Biographies"},"content":{"rendered":"\t\t<div data-elementor-type=\"wp-page\" data-elementor-id=\"50\" class=\"elementor elementor-50\">\n\t\t\t\t\t\t<section class=\"elementor-section elementor-top-section elementor-element elementor-element-97d2441 elementor-section-stretched elementor-section-boxed elementor-section-height-default elementor-section-height-default\" data-id=\"97d2441\" data-element_type=\"section\" data-settings=\"{&quot;stretch_section&quot;:&quot;section-stretched&quot;}\">\n\t\t\t\t\t\t<div class=\"elementor-container elementor-column-gap-default\">\n\t\t\t\t\t<div class=\"elementor-column elementor-col-100 elementor-top-column elementor-element elementor-element-3e2e8b3\" data-id=\"3e2e8b3\" data-element_type=\"column\">\n\t\t\t<div class=\"elementor-widget-wrap elementor-element-populated\">\n\t\t\t\t\t\t<div class=\"elementor-element elementor-element-76e28df elementor-widget elementor-widget-heading\" data-id=\"76e28df\" data-element_type=\"widget\" data-widget_type=\"heading.default\">\n\t\t\t\t<div class=\"elementor-widget-container\">\n\t\t\t<style>\/*! elementor - v3.23.0 - 15-07-2024 *\/\n.elementor-heading-title{padding:0;margin:0;line-height:1}.elementor-widget-heading .elementor-heading-title[class*=elementor-size-]>a{color:inherit;font-size:inherit;line-height:inherit}.elementor-widget-heading .elementor-heading-title.elementor-size-small{font-size:15px}.elementor-widget-heading .elementor-heading-title.elementor-size-medium{font-size:19px}.elementor-widget-heading .elementor-heading-title.elementor-size-large{font-size:29px}.elementor-widget-heading .elementor-heading-title.elementor-size-xl{font-size:39px}.elementor-widget-heading .elementor-heading-title.elementor-size-xxl{font-size:59px}<\/style><h1 class=\"elementor-heading-title elementor-size-default\">\u00ab Racontez-moi votre histoire ! \u00bb<\/h1>\t\t<\/div>\n\t\t\t\t<\/div>\n\t\t\t\t<section class=\"elementor-section elementor-inner-section elementor-element elementor-element-b0c183b elementor-section-boxed elementor-section-height-default elementor-section-height-default\" data-id=\"b0c183b\" data-element_type=\"section\">\n\t\t\t\t\t\t<div class=\"elementor-container elementor-column-gap-default\">\n\t\t\t\t\t<div class=\"elementor-column elementor-col-50 elementor-inner-column elementor-element elementor-element-53bc78f\" data-id=\"53bc78f\" data-element_type=\"column\">\n\t\t\t<div class=\"elementor-widget-wrap elementor-element-populated\">\n\t\t\t\t\t\t<div class=\"elementor-element elementor-element-a5197ba elementor-widget elementor-widget-text-editor\" data-id=\"a5197ba\" data-element_type=\"widget\" data-widget_type=\"text-editor.default\">\n\t\t\t\t<div class=\"elementor-widget-container\">\n\t\t\t<style>\/*! elementor - v3.23.0 - 15-07-2024 *\/\n.elementor-widget-text-editor.elementor-drop-cap-view-stacked .elementor-drop-cap{background-color:#69727d;color:#fff}.elementor-widget-text-editor.elementor-drop-cap-view-framed .elementor-drop-cap{color:#69727d;border:3px solid;background-color:transparent}.elementor-widget-text-editor:not(.elementor-drop-cap-view-default) .elementor-drop-cap{margin-top:8px}.elementor-widget-text-editor:not(.elementor-drop-cap-view-default) .elementor-drop-cap-letter{width:1em;height:1em}.elementor-widget-text-editor .elementor-drop-cap{float:left;text-align:center;line-height:1;font-size:50px}.elementor-widget-text-editor .elementor-drop-cap-letter{display:inline-block}<\/style>\t\t\t\t<p>Vous avez\u00a0envie <span style=\"color: #9e002a;\"><strong>d\u2019\u00e9crire vos m\u00e9moires, de transmettre l\u2019histoire de votre vie <\/strong><\/span>\u00e0 votre famille, \u00e0 vos amis\u2026<\/p><p>Racontez-moi votre histoire\u00a0:<span style=\"color: #9e002a;\"><strong> je vous pr\u00eate ma plume pour \u00e9crire votre biographie<\/strong><\/span>\u00a0!<\/p>\t\t\t\t\t\t<\/div>\n\t\t\t\t<\/div>\n\t\t\t\t\t<\/div>\n\t\t<\/div>\n\t\t\t\t<div class=\"elementor-column elementor-col-50 elementor-inner-column elementor-element elementor-element-7889a58\" data-id=\"7889a58\" data-element_type=\"column\">\n\t\t\t<div class=\"elementor-widget-wrap elementor-element-populated\">\n\t\t\t\t\t\t<div class=\"elementor-element elementor-element-cb68d73 elementor-widget elementor-widget-image\" data-id=\"cb68d73\" data-element_type=\"widget\" data-widget_type=\"image.default\">\n\t\t\t\t<div class=\"elementor-widget-container\">\n\t\t\t<style>\/*! elementor - v3.23.0 - 15-07-2024 *\/\n.elementor-widget-image{text-align:center}.elementor-widget-image a{display:inline-block}.elementor-widget-image a img[src$=\".svg\"]{width:48px}.elementor-widget-image img{vertical-align:middle;display:inline-block}<\/style>\t\t\t\t\t\t\t\t\t\t<img fetchpriority=\"high\" decoding=\"async\" width=\"1024\" height=\"683\" src=\"https:\/\/uneplumeetmillehistoires.fr\/wp-content\/uploads\/2022\/10\/1-Biographie-Carola68-Pixabay-1024x683.jpg\" class=\"attachment-large size-large wp-image-347\" alt=\"\" srcset=\"https:\/\/uneplumeetmillehistoires.fr\/wp-content\/uploads\/2022\/10\/1-Biographie-Carola68-Pixabay-1024x683.jpg 1024w, https:\/\/uneplumeetmillehistoires.fr\/wp-content\/uploads\/2022\/10\/1-Biographie-Carola68-Pixabay-300x200.jpg 300w, https:\/\/uneplumeetmillehistoires.fr\/wp-content\/uploads\/2022\/10\/1-Biographie-Carola68-Pixabay-768x512.jpg 768w, https:\/\/uneplumeetmillehistoires.fr\/wp-content\/uploads\/2022\/10\/1-Biographie-Carola68-Pixabay-1536x1024.jpg 1536w, https:\/\/uneplumeetmillehistoires.fr\/wp-content\/uploads\/2022\/10\/1-Biographie-Carola68-Pixabay.jpg 1920w\" sizes=\"(max-width: 1024px) 100vw, 1024px\" \/>\t\t\t\t\t\t\t\t\t\t\t\t\t<\/div>\n\t\t\t\t<\/div>\n\t\t\t\t\t<\/div>\n\t\t<\/div>\n\t\t\t\t\t<\/div>\n\t\t<\/section>\n\t\t\t\t<section class=\"elementor-section elementor-inner-section elementor-element elementor-element-f8b7ada elementor-section-boxed elementor-section-height-default elementor-section-height-default\" data-id=\"f8b7ada\" data-element_type=\"section\">\n\t\t\t\t\t\t<div class=\"elementor-container elementor-column-gap-default\">\n\t\t\t\t\t<div class=\"elementor-column elementor-col-50 elementor-inner-column elementor-element elementor-element-3505cae\" data-id=\"3505cae\" data-element_type=\"column\">\n\t\t\t<div class=\"elementor-widget-wrap elementor-element-populated\">\n\t\t\t\t\t\t<div class=\"elementor-element elementor-element-3b4b2e7 elementor-widget elementor-widget-image\" data-id=\"3b4b2e7\" data-element_type=\"widget\" data-widget_type=\"image.default\">\n\t\t\t\t<div class=\"elementor-widget-container\">\n\t\t\t\t\t\t\t\t\t\t\t\t\t<img decoding=\"async\" width=\"1024\" height=\"681\" src=\"https:\/\/uneplumeetmillehistoires.fr\/wp-content\/uploads\/2022\/10\/2-Biographie-Luci-Goodman-Pixabay-1024x681.jpg\" class=\"attachment-large size-large wp-image-348\" alt=\"\" srcset=\"https:\/\/uneplumeetmillehistoires.fr\/wp-content\/uploads\/2022\/10\/2-Biographie-Luci-Goodman-Pixabay-1024x681.jpg 1024w, https:\/\/uneplumeetmillehistoires.fr\/wp-content\/uploads\/2022\/10\/2-Biographie-Luci-Goodman-Pixabay-300x200.jpg 300w, https:\/\/uneplumeetmillehistoires.fr\/wp-content\/uploads\/2022\/10\/2-Biographie-Luci-Goodman-Pixabay-768x511.jpg 768w, https:\/\/uneplumeetmillehistoires.fr\/wp-content\/uploads\/2022\/10\/2-Biographie-Luci-Goodman-Pixabay-1536x1022.jpg 1536w, https:\/\/uneplumeetmillehistoires.fr\/wp-content\/uploads\/2022\/10\/2-Biographie-Luci-Goodman-Pixabay.jpg 1920w\" sizes=\"(max-width: 1024px) 100vw, 1024px\" \/>\t\t\t\t\t\t\t\t\t\t\t\t\t<\/div>\n\t\t\t\t<\/div>\n\t\t\t\t\t<\/div>\n\t\t<\/div>\n\t\t\t\t<div class=\"elementor-column elementor-col-50 elementor-inner-column elementor-element elementor-element-1803eb2\" data-id=\"1803eb2\" data-element_type=\"column\">\n\t\t\t<div class=\"elementor-widget-wrap elementor-element-populated\">\n\t\t\t\t\t\t<div class=\"elementor-element elementor-element-74f14ab elementor-widget elementor-widget-text-editor\" data-id=\"74f14ab\" data-element_type=\"widget\" data-widget_type=\"text-editor.default\">\n\t\t\t\t<div class=\"elementor-widget-container\">\n\t\t\t\t\t\t\t<p>Je vous propose <span style=\"color: #9e002a;\"><strong>une premi\u00e8re rencontre gratuite d\u2019une heure<\/strong><\/span>, permettant de faire connaissance, de d\u00e9finir votre projet et les aspects de votre vie que vous souhaitez mettre en mots.<\/p><p>Suite \u00e0 cet \u00e9change, je vous transmets un devis \u00e9tablissant <span style=\"color: #9e002a;\"><strong>un programme pr\u00e9visionnel d\u2019entretiens<\/strong><\/span>. Le format moyen pour un r\u00e9cit de vie complet est de 5 entretiens de 3 heures, mais ce rythme peut \u00eatre diff\u00e9rent selon le projet.<\/p>\t\t\t\t\t\t<\/div>\n\t\t\t\t<\/div>\n\t\t\t\t\t<\/div>\n\t\t<\/div>\n\t\t\t\t\t<\/div>\n\t\t<\/section>\n\t\t\t\t<section class=\"elementor-section elementor-inner-section elementor-element elementor-element-01d9024 elementor-section-boxed elementor-section-height-default elementor-section-height-default\" data-id=\"01d9024\" data-element_type=\"section\">\n\t\t\t\t\t\t<div class=\"elementor-container elementor-column-gap-default\">\n\t\t\t\t\t<div class=\"elementor-column elementor-col-50 elementor-inner-column elementor-element elementor-element-0387ec6\" data-id=\"0387ec6\" data-element_type=\"column\">\n\t\t\t<div class=\"elementor-widget-wrap elementor-element-populated\">\n\t\t\t\t\t\t<div class=\"elementor-element elementor-element-b8dcfd4 elementor-widget elementor-widget-text-editor\" data-id=\"b8dcfd4\" data-element_type=\"widget\" data-widget_type=\"text-editor.default\">\n\t\t\t\t<div class=\"elementor-widget-container\">\n\t\t\t\t\t\t\t<p>Chaque entretien nous permet d\u2019aborder une partie de votre r\u00e9cit. Il fait l\u2019objet d\u2019un enregistrement audio si vous en \u00eates d\u2019accord. Entre chaque s\u00e9ance,<span style=\"color: #9e002a;\"> <strong>je r\u00e9dige le texte <\/strong><\/span>et vous le transmets pour prendre en compte les corrections que vous souhaitez apporter. <span style=\"color: #9e002a;\"><strong>Une derni\u00e8re relecture compl\u00e8te <\/strong><\/span>vous est propos\u00e9e \u00e0 l&#8217;issue de la r\u00e9daction.<\/p>\t\t\t\t\t\t<\/div>\n\t\t\t\t<\/div>\n\t\t\t\t\t<\/div>\n\t\t<\/div>\n\t\t\t\t<div class=\"elementor-column elementor-col-50 elementor-inner-column elementor-element elementor-element-925a6e8\" data-id=\"925a6e8\" data-element_type=\"column\">\n\t\t\t<div class=\"elementor-widget-wrap elementor-element-populated\">\n\t\t\t\t\t\t<div class=\"elementor-element elementor-element-a51b9b6 elementor-widget elementor-widget-image\" data-id=\"a51b9b6\" data-element_type=\"widget\" data-widget_type=\"image.default\">\n\t\t\t\t<div class=\"elementor-widget-container\">\n\t\t\t\t\t\t\t\t\t\t\t\t\t<img decoding=\"async\" width=\"1024\" height=\"683\" src=\"https:\/\/uneplumeetmillehistoires.fr\/wp-content\/uploads\/2022\/10\/3-Biographie-Sabine-Van-Erp-Pixabay-1024x683.jpg\" class=\"attachment-large size-large wp-image-349\" alt=\"\" srcset=\"https:\/\/uneplumeetmillehistoires.fr\/wp-content\/uploads\/2022\/10\/3-Biographie-Sabine-Van-Erp-Pixabay-1024x683.jpg 1024w, https:\/\/uneplumeetmillehistoires.fr\/wp-content\/uploads\/2022\/10\/3-Biographie-Sabine-Van-Erp-Pixabay-300x200.jpg 300w, https:\/\/uneplumeetmillehistoires.fr\/wp-content\/uploads\/2022\/10\/3-Biographie-Sabine-Van-Erp-Pixabay-768x512.jpg 768w, https:\/\/uneplumeetmillehistoires.fr\/wp-content\/uploads\/2022\/10\/3-Biographie-Sabine-Van-Erp-Pixabay-1536x1024.jpg 1536w, https:\/\/uneplumeetmillehistoires.fr\/wp-content\/uploads\/2022\/10\/3-Biographie-Sabine-Van-Erp-Pixabay.jpg 1920w\" sizes=\"(max-width: 1024px) 100vw, 1024px\" \/>\t\t\t\t\t\t\t\t\t\t\t\t\t<\/div>\n\t\t\t\t<\/div>\n\t\t\t\t\t<\/div>\n\t\t<\/div>\n\t\t\t\t\t<\/div>\n\t\t<\/section>\n\t\t\t\t<div class=\"elementor-element elementor-element-7194c1f elementor-widget elementor-widget-text-editor\" data-id=\"7194c1f\" data-element_type=\"widget\" data-widget_type=\"text-editor.default\">\n\t\t\t\t<div class=\"elementor-widget-container\">\n\t\t\t\t\t\t\t<p align=\"justify\">Selon vos pr\u00e9f\u00e9rences, les d\u00e9marches d\u2019impression ou d\u2019\u00e9dition peuvent \u00eatre prises en charge par vos soins ou factur\u00e9es en compl\u00e9ment.<\/p><p align=\"justify\">Des prestations alternatives ou compl\u00e9mentaires peuvent \u00eatre propos\u00e9es\u00a0: <span style=\"color: #9e002a;\"><b>c<\/b><b>orrection d\u2019un texte \u00e9crit par vos soins, reprise d\u2019<\/b><b>extraits de carnets de notes&#8230;<\/b><\/span><\/p>\t\t\t\t\t\t<\/div>\n\t\t\t\t<\/div>\n\t\t\t\t\t<\/div>\n\t\t<\/div>\n\t\t\t\t\t<\/div>\n\t\t<\/section>\n\t\t\t\t<section class=\"elementor-section elementor-top-section elementor-element elementor-element-25216a6 elementor-section-stretched elementor-section-boxed elementor-section-height-default elementor-section-height-default\" data-id=\"25216a6\" data-element_type=\"section\" data-settings=\"{&quot;stretch_section&quot;:&quot;section-stretched&quot;}\">\n\t\t\t\t\t\t<div class=\"elementor-container elementor-column-gap-default\">\n\t\t\t\t\t<div class=\"elementor-column elementor-col-100 elementor-top-column elementor-element elementor-element-1903ddc\" data-id=\"1903ddc\" data-element_type=\"column\">\n\t\t\t<div class=\"elementor-widget-wrap elementor-element-populated\">\n\t\t\t\t\t\t<div class=\"elementor-element elementor-element-f916e6a elementor-widget elementor-widget-text-editor\" data-id=\"f916e6a\" data-element_type=\"widget\" data-widget_type=\"text-editor.default\">\n\t\t\t\t<div class=\"elementor-widget-container\">\n\t\t\t\t\t\t\t<p style=\"text-align: center;\"><strong>Envie d\u2019en savoir plus ? <span style=\"color: #9e002a;\"><a style=\"color: #9e002a;\" href=\"https:\/\/uneplumeetmillehistoires.fr\/index.php\/a-propos\/\"><span style=\"text-decoration: underline;\">Contactez-moi !<\/span><\/a><\/span><\/strong><\/p>\t\t\t\t\t\t<\/div>\n\t\t\t\t<\/div>\n\t\t\t\t\t<\/div>\n\t\t<\/div>\n\t\t\t\t\t<\/div>\n\t\t<\/section>\n\t\t\t\t<\/div>\n\t\t","protected":false},"excerpt":{"rendered":"<p>\u00ab Racontez-moi votre histoire ! \u00bb Vous avez\u00a0envie d\u2019\u00e9crire vos m\u00e9moires, de transmettre l\u2019histoire de votre vie \u00e0 votre famille, \u00e0 vos amis\u2026 Racontez-moi votre histoire\u00a0: je vous pr\u00eate ma plume pour \u00e9crire votre biographie\u00a0! Je vous propose une premi\u00e8re rencontre gratuite d\u2019une heure, permettant de faire connaissance, de d\u00e9finir votre projet et les aspects [&hellip;]<\/p>\n","protected":false},"author":1,"featured_media":0,"parent":0,"menu_order":0,"comment_status":"closed","ping_status":"closed","template":"","meta":{"footnotes":""},"class_list":["post-50","page","type-page","status-publish","hentry","entry"],"yoast_head":"<!-- This site is optimized with the Yoast SEO plugin v23.0 - https:\/\/yoast.com\/wordpress\/plugins\/seo\/ -->\n<title>Biographies - Une plume et mille histoires<\/title>\n<meta name=\"robots\" content=\"index, follow, max-snippet:-1, max-image-preview:large, max-video-preview:-1\" \/>\n<link rel=\"canonical\" href=\"https:\/\/uneplumeetmillehistoires.fr\/index.php\/racontez-moi-votre-histoire\/\" \/>\n<meta property=\"og:locale\" content=\"en_US\" \/>\n<meta property=\"og:type\" content=\"article\" \/>\n<meta property=\"og:title\" content=\"Biographies - Une plume et mille histoires\" \/>\n<meta property=\"og:description\" content=\"\u00ab Racontez-moi votre histoire ! \u00bb Vous avez\u00a0envie d\u2019\u00e9crire vos m\u00e9moires, de transmettre l\u2019histoire de votre vie \u00e0 votre famille, \u00e0 vos amis\u2026 Racontez-moi votre histoire\u00a0: je vous pr\u00eate ma plume pour \u00e9crire votre biographie\u00a0! Je vous propose une premi\u00e8re rencontre gratuite d\u2019une heure, permettant de faire connaissance, de d\u00e9finir votre projet et les aspects [&hellip;]\" \/>\n<meta property=\"og:url\" content=\"https:\/\/uneplumeetmillehistoires.fr\/index.php\/racontez-moi-votre-histoire\/\" \/>\n<meta property=\"og:site_name\" content=\"Une plume et mille histoires\" \/>\n<meta property=\"article:publisher\" content=\"https:\/\/www.facebook.com\/profile.php?id=100086652561948\" \/>\n<meta property=\"article:modified_time\" content=\"2024-01-07T13:24:32+00:00\" \/>\n<meta property=\"og:image\" content=\"http:\/\/uneplumeetmillehistoires.fr\/wp-content\/uploads\/2022\/10\/1-Biographie-Carola68-Pixabay-1024x683.jpg\" \/>\n<meta name=\"twitter:card\" content=\"summary_large_image\" \/>\n<meta name=\"twitter:label1\" content=\"Est. reading time\" \/>\n\t<meta name=\"twitter:data1\" content=\"2 minutes\" \/>\n<script type=\"application\/ld+json\" class=\"yoast-schema-graph\">{\"@context\":\"https:\/\/schema.org\",\"@graph\":[{\"@type\":\"WebPage\",\"@id\":\"https:\/\/uneplumeetmillehistoires.fr\/index.php\/racontez-moi-votre-histoire\/\",\"url\":\"https:\/\/uneplumeetmillehistoires.fr\/index.php\/racontez-moi-votre-histoire\/\",\"name\":\"Biographies - Une plume et mille histoires\",\"isPartOf\":{\"@id\":\"https:\/\/uneplumeetmillehistoires.fr\/#website\"},\"primaryImageOfPage\":{\"@id\":\"https:\/\/uneplumeetmillehistoires.fr\/index.php\/racontez-moi-votre-histoire\/#primaryimage\"},\"image\":{\"@id\":\"https:\/\/uneplumeetmillehistoires.fr\/index.php\/racontez-moi-votre-histoire\/#primaryimage\"},\"thumbnailUrl\":\"http:\/\/uneplumeetmillehistoires.fr\/wp-content\/uploads\/2022\/10\/1-Biographie-Carola68-Pixabay-1024x683.jpg\",\"datePublished\":\"2022-09-10T11:52:21+00:00\",\"dateModified\":\"2024-01-07T13:24:32+00:00\",\"breadcrumb\":{\"@id\":\"https:\/\/uneplumeetmillehistoires.fr\/index.php\/racontez-moi-votre-histoire\/#breadcrumb\"},\"inLanguage\":\"en-US\",\"potentialAction\":[{\"@type\":\"ReadAction\",\"target\":[\"https:\/\/uneplumeetmillehistoires.fr\/index.php\/racontez-moi-votre-histoire\/\"]}]},{\"@type\":\"ImageObject\",\"inLanguage\":\"en-US\",\"@id\":\"https:\/\/uneplumeetmillehistoires.fr\/index.php\/racontez-moi-votre-histoire\/#primaryimage\",\"url\":\"https:\/\/uneplumeetmillehistoires.fr\/wp-content\/uploads\/2022\/10\/1-Biographie-Carola68-Pixabay.jpg\",\"contentUrl\":\"https:\/\/uneplumeetmillehistoires.fr\/wp-content\/uploads\/2022\/10\/1-Biographie-Carola68-Pixabay.jpg\",\"width\":1920,\"height\":1280},{\"@type\":\"BreadcrumbList\",\"@id\":\"https:\/\/uneplumeetmillehistoires.fr\/index.php\/racontez-moi-votre-histoire\/#breadcrumb\",\"itemListElement\":[{\"@type\":\"ListItem\",\"position\":1,\"name\":\"Accueil\",\"item\":\"https:\/\/uneplumeetmillehistoires.fr\/\"},{\"@type\":\"ListItem\",\"position\":2,\"name\":\"Biographies\"}]},{\"@type\":\"WebSite\",\"@id\":\"https:\/\/uneplumeetmillehistoires.fr\/#website\",\"url\":\"https:\/\/uneplumeetmillehistoires.fr\/\",\"name\":\"Une plume et mille histoires\",\"description\":\"Une plume et mille histoires\",\"publisher\":{\"@id\":\"https:\/\/uneplumeetmillehistoires.fr\/#organization\"},\"potentialAction\":[{\"@type\":\"SearchAction\",\"target\":{\"@type\":\"EntryPoint\",\"urlTemplate\":\"https:\/\/uneplumeetmillehistoires.fr\/?s={search_term_string}\"},\"query-input\":\"required name=search_term_string\"}],\"inLanguage\":\"en-US\"},{\"@type\":\"Organization\",\"@id\":\"https:\/\/uneplumeetmillehistoires.fr\/#organization\",\"name\":\"Une plume et mille histoires\",\"url\":\"https:\/\/uneplumeetmillehistoires.fr\/\",\"logo\":{\"@type\":\"ImageObject\",\"inLanguage\":\"en-US\",\"@id\":\"https:\/\/uneplumeetmillehistoires.fr\/#\/schema\/logo\/image\/\",\"url\":\"https:\/\/uneplumeetmillehistoires.fr\/wp-content\/uploads\/2022\/10\/cropped-logo-Une-plume-et-mille-histoires.png\",\"contentUrl\":\"https:\/\/uneplumeetmillehistoires.fr\/wp-content\/uploads\/2022\/10\/cropped-logo-Une-plume-et-mille-histoires.png\",\"width\":1039,\"height\":685,\"caption\":\"Une plume et mille histoires\"},\"image\":{\"@id\":\"https:\/\/uneplumeetmillehistoires.fr\/#\/schema\/logo\/image\/\"},\"sameAs\":[\"https:\/\/www.facebook.com\/profile.php?id=100086652561948\"]}]}<\/script>\n<!-- \/ Yoast SEO plugin. -->","yoast_head_json":{"title":"Biographies - Une plume et mille histoires","robots":{"index":"index","follow":"follow","max-snippet":"max-snippet:-1","max-image-preview":"max-image-preview:large","max-video-preview":"max-video-preview:-1"},"canonical":"https:\/\/uneplumeetmillehistoires.fr\/index.php\/racontez-moi-votre-histoire\/","og_locale":"en_US","og_type":"article","og_title":"Biographies - Une plume et mille histoires","og_description":"\u00ab Racontez-moi votre histoire ! \u00bb Vous avez\u00a0envie d\u2019\u00e9crire vos m\u00e9moires, de transmettre l\u2019histoire de votre vie \u00e0 votre famille, \u00e0 vos amis\u2026 Racontez-moi votre histoire\u00a0: je vous pr\u00eate ma plume pour \u00e9crire votre biographie\u00a0! Je vous propose une premi\u00e8re rencontre gratuite d\u2019une heure, permettant de faire connaissance, de d\u00e9finir votre projet et les aspects [&hellip;]","og_url":"https:\/\/uneplumeetmillehistoires.fr\/index.php\/racontez-moi-votre-histoire\/","og_site_name":"Une plume et mille histoires","article_publisher":"https:\/\/www.facebook.com\/profile.php?id=100086652561948","article_modified_time":"2024-01-07T13:24:32+00:00","og_image":[{"url":"http:\/\/uneplumeetmillehistoires.fr\/wp-content\/uploads\/2022\/10\/1-Biographie-Carola68-Pixabay-1024x683.jpg"}],"twitter_card":"summary_large_image","twitter_misc":{"Est. reading time":"2 minutes"},"schema":{"@context":"https:\/\/schema.org","@graph":[{"@type":"WebPage","@id":"https:\/\/uneplumeetmillehistoires.fr\/index.php\/racontez-moi-votre-histoire\/","url":"https:\/\/uneplumeetmillehistoires.fr\/index.php\/racontez-moi-votre-histoire\/","name":"Biographies - Une plume et mille histoires","isPartOf":{"@id":"https:\/\/uneplumeetmillehistoires.fr\/#website"},"primaryImageOfPage":{"@id":"https:\/\/uneplumeetmillehistoires.fr\/index.php\/racontez-moi-votre-histoire\/#primaryimage"},"image":{"@id":"https:\/\/uneplumeetmillehistoires.fr\/index.php\/racontez-moi-votre-histoire\/#primaryimage"},"thumbnailUrl":"http:\/\/uneplumeetmillehistoires.fr\/wp-content\/uploads\/2022\/10\/1-Biographie-Carola68-Pixabay-1024x683.jpg","datePublished":"2022-09-10T11:52:21+00:00","dateModified":"2024-01-07T13:24:32+00:00","breadcrumb":{"@id":"https:\/\/uneplumeetmillehistoires.fr\/index.php\/racontez-moi-votre-histoire\/#breadcrumb"},"inLanguage":"en-US","potentialAction":[{"@type":"ReadAction","target":["https:\/\/uneplumeetmillehistoires.fr\/index.php\/racontez-moi-votre-histoire\/"]}]},{"@type":"ImageObject","inLanguage":"en-US","@id":"https:\/\/uneplumeetmillehistoires.fr\/index.php\/racontez-moi-votre-histoire\/#primaryimage","url":"https:\/\/uneplumeetmillehistoires.fr\/wp-content\/uploads\/2022\/10\/1-Biographie-Carola68-Pixabay.jpg","contentUrl":"https:\/\/uneplumeetmillehistoires.fr\/wp-content\/uploads\/2022\/10\/1-Biographie-Carola68-Pixabay.jpg","width":1920,"height":1280},{"@type":"BreadcrumbList","@id":"https:\/\/uneplumeetmillehistoires.fr\/index.php\/racontez-moi-votre-histoire\/#breadcrumb","itemListElement":[{"@type":"ListItem","position":1,"name":"Accueil","item":"https:\/\/uneplumeetmillehistoires.fr\/"},{"@type":"ListItem","position":2,"name":"Biographies"}]},{"@type":"WebSite","@id":"https:\/\/uneplumeetmillehistoires.fr\/#website","url":"https:\/\/uneplumeetmillehistoires.fr\/","name":"Une plume et mille histoires","description":"Une plume et mille histoires","publisher":{"@id":"https:\/\/uneplumeetmillehistoires.fr\/#organization"},"potentialAction":[{"@type":"SearchAction","target":{"@type":"EntryPoint","urlTemplate":"https:\/\/uneplumeetmillehistoires.fr\/?s={search_term_string}"},"query-input":"required name=search_term_string"}],"inLanguage":"en-US"},{"@type":"Organization","@id":"https:\/\/uneplumeetmillehistoires.fr\/#organization","name":"Une plume et mille histoires","url":"https:\/\/uneplumeetmillehistoires.fr\/","logo":{"@type":"ImageObject","inLanguage":"en-US","@id":"https:\/\/uneplumeetmillehistoires.fr\/#\/schema\/logo\/image\/","url":"https:\/\/uneplumeetmillehistoires.fr\/wp-content\/uploads\/2022\/10\/cropped-logo-Une-plume-et-mille-histoires.png","contentUrl":"https:\/\/uneplumeetmillehistoires.fr\/wp-content\/uploads\/2022\/10\/cropped-logo-Une-plume-et-mille-histoires.png","width":1039,"height":685,"caption":"Une plume et mille histoires"},"image":{"@id":"https:\/\/uneplumeetmillehistoires.fr\/#\/schema\/logo\/image\/"},"sameAs":["https:\/\/www.facebook.com\/profile.php?id=100086652561948"]}]}},"_links":{"self":[{"href":"https:\/\/uneplumeetmillehistoires.fr\/index.php\/wp-json\/wp\/v2\/pages\/50","targetHints":{"allow":["GET"]}}],"collection":[{"href":"https:\/\/uneplumeetmillehistoires.fr\/index.php\/wp-json\/wp\/v2\/pages"}],"about":[{"href":"https:\/\/uneplumeetmillehistoires.fr\/index.php\/wp-json\/wp\/v2\/types\/page"}],"author":[{"embeddable":true,"href":"https:\/\/uneplumeetmillehistoires.fr\/index.php\/wp-json\/wp\/v2\/users\/1"}],"replies":[{"embeddable":true,"href":"https:\/\/uneplumeetmillehistoires.fr\/index.php\/wp-json\/wp\/v2\/comments?post=50"}],"version-history":[{"count":62,"href":"https:\/\/uneplumeetmillehistoires.fr\/index.php\/wp-json\/wp\/v2\/pages\/50\/revisions"}],"predecessor-version":[{"id":935,"href":"https:\/\/uneplumeetmillehistoires.fr\/index.php\/wp-json\/wp\/v2\/pages\/50\/revisions\/935"}],"wp:attachment":[{"href":"https:\/\/uneplumeetmillehistoires.fr\/index.php\/wp-json\/wp\/v2\/media?parent=50"}],"curies":[{"name":"wp","href":"https:\/\/api.w.org\/{rel}","templated":true}]}}