{"id":41,"date":"2022-09-10T13:43:29","date_gmt":"2022-09-10T11:43:29","guid":{"rendered":"http:\/\/uneplumeetmillehistoires.fr\/?page_id=41"},"modified":"2022-09-11T14:58:59","modified_gmt":"2022-09-11T12:58:59","slug":"mentions-legales","status":"publish","type":"page","link":"https:\/\/uneplumeetmillehistoires.fr\/index.php\/mentions-legales\/","title":{"rendered":"Mentions L\u00e9gales"},"content":{"rendered":"\t\t<div data-elementor-type=\"wp-page\" data-elementor-id=\"41\" class=\"elementor elementor-41\">\n\t\t\t\t\t\t<section class=\"elementor-section elementor-top-section elementor-element elementor-element-176c09e elementor-section-boxed elementor-section-height-default elementor-section-height-default\" data-id=\"176c09e\" data-element_type=\"section\">\n\t\t\t\t\t\t<div class=\"elementor-container elementor-column-gap-default\">\n\t\t\t\t\t<div class=\"elementor-column elementor-col-100 elementor-top-column elementor-element elementor-element-a8380c1\" data-id=\"a8380c1\" data-element_type=\"column\">\n\t\t\t<div class=\"elementor-widget-wrap elementor-element-populated\">\n\t\t\t\t\t\t<div class=\"elementor-element elementor-element-37356f2 elementor-widget elementor-widget-heading\" data-id=\"37356f2\" data-element_type=\"widget\" data-widget_type=\"heading.default\">\n\t\t\t\t<div class=\"elementor-widget-container\">\n\t\t\t<style>\/*! elementor - v3.23.0 - 15-07-2024 *\/\n.elementor-heading-title{padding:0;margin:0;line-height:1}.elementor-widget-heading .elementor-heading-title[class*=elementor-size-]>a{color:inherit;font-size:inherit;line-height:inherit}.elementor-widget-heading .elementor-heading-title.elementor-size-small{font-size:15px}.elementor-widget-heading .elementor-heading-title.elementor-size-medium{font-size:19px}.elementor-widget-heading .elementor-heading-title.elementor-size-large{font-size:29px}.elementor-widget-heading .elementor-heading-title.elementor-size-xl{font-size:39px}.elementor-widget-heading .elementor-heading-title.elementor-size-xxl{font-size:59px}<\/style><h2 class=\"elementor-heading-title elementor-size-default\">Mentions L\u00e9gales<\/h2>\t\t<\/div>\n\t\t\t\t<\/div>\n\t\t\t\t\t<\/div>\n\t\t<\/div>\n\t\t\t\t\t<\/div>\n\t\t<\/section>\n\t\t\t\t<section class=\"elementor-section elementor-top-section elementor-element elementor-element-7c818d3 elementor-section-boxed elementor-section-height-default elementor-section-height-default\" data-id=\"7c818d3\" data-element_type=\"section\">\n\t\t\t\t\t\t<div class=\"elementor-container elementor-column-gap-default\">\n\t\t\t\t\t<div class=\"elementor-column elementor-col-100 elementor-top-column elementor-element elementor-element-bb4b923\" data-id=\"bb4b923\" data-element_type=\"column\">\n\t\t\t<div class=\"elementor-widget-wrap elementor-element-populated\">\n\t\t\t\t\t\t<div class=\"elementor-element elementor-element-02a0d4a elementor-widget elementor-widget-text-editor\" data-id=\"02a0d4a\" data-element_type=\"widget\" data-widget_type=\"text-editor.default\">\n\t\t\t\t<div class=\"elementor-widget-container\">\n\t\t\t<style>\/*! elementor - v3.23.0 - 15-07-2024 *\/\n.elementor-widget-text-editor.elementor-drop-cap-view-stacked .elementor-drop-cap{background-color:#69727d;color:#fff}.elementor-widget-text-editor.elementor-drop-cap-view-framed .elementor-drop-cap{color:#69727d;border:3px solid;background-color:transparent}.elementor-widget-text-editor:not(.elementor-drop-cap-view-default) .elementor-drop-cap{margin-top:8px}.elementor-widget-text-editor:not(.elementor-drop-cap-view-default) .elementor-drop-cap-letter{width:1em;height:1em}.elementor-widget-text-editor .elementor-drop-cap{float:left;text-align:center;line-height:1;font-size:50px}.elementor-widget-text-editor .elementor-drop-cap-letter{display:inline-block}<\/style>\t\t\t\t<p><span dir=\"ltr\" role=\"presentation\">En vigueur au 11\/09\/2022.<\/span><\/p><p><br role=\"presentation\" \/><span dir=\"ltr\" role=\"presentation\">Conform\u00e9ment aux dispositions des Articles 6-III et 19 de la Loi n\u00b02004-575 du 21 juin 2004 pour la <\/span><span dir=\"ltr\" role=\"presentation\">Confiance dans l\u2019\u00e9conomie num\u00e9rique, dite L.C.E.N., il est port\u00e9 \u00e0 la connaissance des utilisateurs et <\/span><span dir=\"ltr\" role=\"presentation\">visiteurs, ci-apr\u00e8s l&#8217;<\/span><span dir=\"ltr\" role=\"presentation\">Utilisateur<\/span><span dir=\"ltr\" role=\"presentation\">, du site https:\/\/uneplumeetmillehistoires.fr, ci-apr\u00e8s le <\/span><span dir=\"ltr\" role=\"presentation\">Site<\/span><span dir=\"ltr\" role=\"presentation\">, les<\/span><br role=\"presentation\" \/><span dir=\"ltr\" role=\"presentation\">pr\u00e9sentes mentions l\u00e9gales.<\/span><\/p><p><br role=\"presentation\" \/><span dir=\"ltr\" role=\"presentation\">La connexion et la navigation sur le Site par l\u2019Utilisateur implique acceptation int\u00e9grale et sans r\u00e9serve<\/span><br role=\"presentation\" \/><span dir=\"ltr\" role=\"presentation\">des pr\u00e9sentes mentions l\u00e9gales.<\/span><br role=\"presentation\" \/><span dir=\"ltr\" role=\"presentation\">Ces derni\u00e8res sont accessibles sur le Site \u00e0 la rubrique \u00ab Mentions l\u00e9gales \u00bb.<\/span><\/p><p><br role=\"presentation\" \/><span style=\"text-decoration: underline;\"><strong><span dir=\"ltr\" role=\"presentation\">ARTICLE 1 &#8211; L&#8217;\u00c9DITEUR:<\/span><\/strong><\/span><br role=\"presentation\" \/><span dir=\"ltr\" role=\"presentation\">L&#8217;\u00e9dition du Site est assur\u00e9e par Une plume et mille histoires, entreprise individuelle au capital de 0<\/span><br role=\"presentation\" \/><span dir=\"ltr\" role=\"presentation\">euro, num\u00e9ro SIRET : 91289690900013, dispens\u00e9e d&#8217;immatriculation au Registre du Commerce et des Soci\u00e9t\u00e9s, <\/span><span dir=\"ltr\" role=\"presentation\">dont le si\u00e8ge social est situ\u00e9 au 7 rue de Verdun 59310 Orchies,<\/span><br role=\"presentation\" \/><span dir=\"ltr\" role=\"presentation\">Num\u00e9ro de t\u00e9l\u00e9phone : 06 99 55 80 82,<\/span><br role=\"presentation\" \/><span dir=\"ltr\" role=\"presentation\">Adresse e-mail : uneplumeetmillehistoires@gmail.com.<\/span><\/p><p><span dir=\"ltr\" role=\"presentation\">Le Directeur de la publication est Karin RUCKEBUSCH<\/span><br role=\"presentation\" \/><span dir=\"ltr\" role=\"presentation\">ci-apr\u00e8s l&#8217;<\/span><span dir=\"ltr\" role=\"presentation\">Editeur<\/span><span dir=\"ltr\" role=\"presentation\">.<\/span><\/p><p><br role=\"presentation\" \/><span style=\"text-decoration: underline;\"><strong><span dir=\"ltr\" role=\"presentation\">ARTICLE 2 &#8211; L&#8217;HEBERGEUR:<\/span><\/strong><\/span><br role=\"presentation\" \/><span dir=\"ltr\" role=\"presentation\">L&#8217;h\u00e9bergeur du Site est la soci\u00e9t\u00e9 OVHCloud, dont le si\u00e8ge social est situ\u00e9 au <span class=\"ILfuVd\" lang=\"fr\"><span class=\"hgKElc\">2 rue Kellermann 59100 Roubaix<\/span><\/span>, av<\/span><span dir=\"ltr\" role=\"presentation\">ec le<\/span><br role=\"presentation\" \/><span dir=\"ltr\" role=\"presentation\">num\u00e9ro de t\u00e9l\u00e9phone : 1007 ou les adresses mail conseiller.commercial@ovh.net ou sales@ovh.net<\/span>.<\/p><p><br role=\"presentation\" \/><span style=\"text-decoration: underline;\"><strong><span dir=\"ltr\" role=\"presentation\">ARTICLE 3 &#8211; ACCES AU SITE:<\/span><\/strong><\/span><br role=\"presentation\" \/><span dir=\"ltr\" role=\"presentation\">Le Site est accessible en tout endroit, 7j\/7, 24h\/24 sauf cas de force majeure, interruption <\/span><span dir=\"ltr\" role=\"presentation\">programm\u00e9e ou non et pouvant d\u00e9coulant d\u2019une n\u00e9cessit\u00e9 de maintenance.<\/span><br role=\"presentation\" \/><span dir=\"ltr\" role=\"presentation\">En cas de modification, interruption ou suspension du Site, l&#8217;Editeur ne saurait \u00eatre tenu responsable.<\/span><\/p><p><br role=\"presentation\" \/><span style=\"text-decoration: underline;\"><strong><span dir=\"ltr\" role=\"presentation\">ARTICLE 4 &#8211; COLLECTE DES DONNEES:<\/span><\/strong><\/span><br role=\"presentation\" \/><span dir=\"ltr\" role=\"presentation\">Le site est exempt\u00e9 de d\u00e9claration \u00e0 la Commission Nationale Informatique et Libert\u00e9s (CNIL) dans la<\/span><br role=\"presentation\" \/><span dir=\"ltr\" role=\"presentation\">mesure o\u00f9 il ne collecte aucune donn\u00e9e concernant les utilisateurs.<\/span><\/p><p><span dir=\"ltr\" role=\"presentation\">Toute utilisation, reproduction, diffusion, commercialisation, modification de toute ou partie du Site<\/span><span dir=\"ltr\" role=\"presentation\">, <\/span><span dir=\"ltr\" role=\"presentation\">sans autorisation de l\u2019Editeur est prohib\u00e9e et pourra entra\u00een\u00e9e des actions et poursuites judiciaires <\/span><span dir=\"ltr\" role=\"presentation\">telles que notamment pr\u00e9vues par le Code de la propri\u00e9t\u00e9 intellectuelle et le Code civil.<\/span><\/p><p><br role=\"presentation\" \/><span dir=\"ltr\" role=\"presentation\">R\u00e9dig\u00e9 sur http:\/\/legalplace.fr<\/span><\/p>\t\t\t\t\t\t<\/div>\n\t\t\t\t<\/div>\n\t\t\t\t\t<\/div>\n\t\t<\/div>\n\t\t\t\t\t<\/div>\n\t\t<\/section>\n\t\t\t\t<\/div>\n\t\t","protected":false},"excerpt":{"rendered":"<p>Mentions L\u00e9gales En vigueur au 11\/09\/2022. Conform\u00e9ment aux dispositions des Articles 6-III et 19 de la Loi n\u00b02004-575 du 21 juin 2004 pour la Confiance dans l\u2019\u00e9conomie num\u00e9rique, dite L.C.E.N., il est port\u00e9 \u00e0 la connaissance des utilisateurs et visiteurs, ci-apr\u00e8s l&#8217;Utilisateur, du site https:\/\/uneplumeetmillehistoires.fr, ci-apr\u00e8s le Site, lespr\u00e9sentes mentions l\u00e9gales. La connexion et la [&hellip;]<\/p>\n","protected":false},"author":1,"featured_media":0,"parent":0,"menu_order":0,"comment_status":"closed","ping_status":"closed","template":"","meta":{"footnotes":""},"class_list":["post-41","page","type-page","status-publish","hentry","entry"],"yoast_head":"<!-- This site is optimized with the Yoast SEO plugin v23.0 - https:\/\/yoast.com\/wordpress\/plugins\/seo\/ -->\n<title>Mentions L\u00e9gales - Une plume et mille histoires<\/title>\n<meta name=\"robots\" content=\"index, follow, max-snippet:-1, max-image-preview:large, max-video-preview:-1\" \/>\n<link rel=\"canonical\" href=\"https:\/\/uneplumeetmillehistoires.fr\/index.php\/mentions-legales\/\" \/>\n<meta property=\"og:locale\" content=\"en_US\" \/>\n<meta property=\"og:type\" content=\"article\" \/>\n<meta property=\"og:title\" content=\"Mentions L\u00e9gales - Une plume et mille histoires\" \/>\n<meta property=\"og:description\" content=\"Mentions L\u00e9gales En vigueur au 11\/09\/2022. Conform\u00e9ment aux dispositions des Articles 6-III et 19 de la Loi n\u00b02004-575 du 21 juin 2004 pour la Confiance dans l\u2019\u00e9conomie num\u00e9rique, dite L.C.E.N., il est port\u00e9 \u00e0 la connaissance des utilisateurs et visiteurs, ci-apr\u00e8s l&#8217;Utilisateur, du site https:\/\/uneplumeetmillehistoires.fr, ci-apr\u00e8s le Site, lespr\u00e9sentes mentions l\u00e9gales. La connexion et la [&hellip;]\" \/>\n<meta property=\"og:url\" content=\"https:\/\/uneplumeetmillehistoires.fr\/index.php\/mentions-legales\/\" \/>\n<meta property=\"og:site_name\" content=\"Une plume et mille histoires\" \/>\n<meta property=\"article:publisher\" content=\"https:\/\/www.facebook.com\/profile.php?id=100086652561948\" \/>\n<meta property=\"article:modified_time\" content=\"2022-09-11T12:58:59+00:00\" \/>\n<meta name=\"twitter:card\" content=\"summary_large_image\" \/>\n<meta name=\"twitter:label1\" content=\"Est. reading time\" \/>\n\t<meta name=\"twitter:data1\" content=\"1 minute\" \/>\n<script type=\"application\/ld+json\" class=\"yoast-schema-graph\">{\"@context\":\"https:\/\/schema.org\",\"@graph\":[{\"@type\":\"WebPage\",\"@id\":\"https:\/\/uneplumeetmillehistoires.fr\/index.php\/mentions-legales\/\",\"url\":\"https:\/\/uneplumeetmillehistoires.fr\/index.php\/mentions-legales\/\",\"name\":\"Mentions L\u00e9gales - Une plume et mille histoires\",\"isPartOf\":{\"@id\":\"https:\/\/uneplumeetmillehistoires.fr\/#website\"},\"datePublished\":\"2022-09-10T11:43:29+00:00\",\"dateModified\":\"2022-09-11T12:58:59+00:00\",\"breadcrumb\":{\"@id\":\"https:\/\/uneplumeetmillehistoires.fr\/index.php\/mentions-legales\/#breadcrumb\"},\"inLanguage\":\"en-US\",\"potentialAction\":[{\"@type\":\"ReadAction\",\"target\":[\"https:\/\/uneplumeetmillehistoires.fr\/index.php\/mentions-legales\/\"]}]},{\"@type\":\"BreadcrumbList\",\"@id\":\"https:\/\/uneplumeetmillehistoires.fr\/index.php\/mentions-legales\/#breadcrumb\",\"itemListElement\":[{\"@type\":\"ListItem\",\"position\":1,\"name\":\"Accueil\",\"item\":\"https:\/\/uneplumeetmillehistoires.fr\/\"},{\"@type\":\"ListItem\",\"position\":2,\"name\":\"Mentions L\u00e9gales\"}]},{\"@type\":\"WebSite\",\"@id\":\"https:\/\/uneplumeetmillehistoires.fr\/#website\",\"url\":\"https:\/\/uneplumeetmillehistoires.fr\/\",\"name\":\"Une plume et mille histoires\",\"description\":\"Une plume et mille histoires\",\"publisher\":{\"@id\":\"https:\/\/uneplumeetmillehistoires.fr\/#organization\"},\"potentialAction\":[{\"@type\":\"SearchAction\",\"target\":{\"@type\":\"EntryPoint\",\"urlTemplate\":\"https:\/\/uneplumeetmillehistoires.fr\/?s={search_term_string}\"},\"query-input\":\"required name=search_term_string\"}],\"inLanguage\":\"en-US\"},{\"@type\":\"Organization\",\"@id\":\"https:\/\/uneplumeetmillehistoires.fr\/#organization\",\"name\":\"Une plume et mille histoires\",\"url\":\"https:\/\/uneplumeetmillehistoires.fr\/\",\"logo\":{\"@type\":\"ImageObject\",\"inLanguage\":\"en-US\",\"@id\":\"https:\/\/uneplumeetmillehistoires.fr\/#\/schema\/logo\/image\/\",\"url\":\"https:\/\/uneplumeetmillehistoires.fr\/wp-content\/uploads\/2022\/10\/cropped-logo-Une-plume-et-mille-histoires.png\",\"contentUrl\":\"https:\/\/uneplumeetmillehistoires.fr\/wp-content\/uploads\/2022\/10\/cropped-logo-Une-plume-et-mille-histoires.png\",\"width\":1039,\"height\":685,\"caption\":\"Une plume et mille histoires\"},\"image\":{\"@id\":\"https:\/\/uneplumeetmillehistoires.fr\/#\/schema\/logo\/image\/\"},\"sameAs\":[\"https:\/\/www.facebook.com\/profile.php?id=100086652561948\"]}]}<\/script>\n<!-- \/ Yoast SEO plugin. -->","yoast_head_json":{"title":"Mentions L\u00e9gales - Une plume et mille histoires","robots":{"index":"index","follow":"follow","max-snippet":"max-snippet:-1","max-image-preview":"max-image-preview:large","max-video-preview":"max-video-preview:-1"},"canonical":"https:\/\/uneplumeetmillehistoires.fr\/index.php\/mentions-legales\/","og_locale":"en_US","og_type":"article","og_title":"Mentions L\u00e9gales - Une plume et mille histoires","og_description":"Mentions L\u00e9gales En vigueur au 11\/09\/2022. Conform\u00e9ment aux dispositions des Articles 6-III et 19 de la Loi n\u00b02004-575 du 21 juin 2004 pour la Confiance dans l\u2019\u00e9conomie num\u00e9rique, dite L.C.E.N., il est port\u00e9 \u00e0 la connaissance des utilisateurs et visiteurs, ci-apr\u00e8s l&#8217;Utilisateur, du site https:\/\/uneplumeetmillehistoires.fr, ci-apr\u00e8s le Site, lespr\u00e9sentes mentions l\u00e9gales. La connexion et la [&hellip;]","og_url":"https:\/\/uneplumeetmillehistoires.fr\/index.php\/mentions-legales\/","og_site_name":"Une plume et mille histoires","article_publisher":"https:\/\/www.facebook.com\/profile.php?id=100086652561948","article_modified_time":"2022-09-11T12:58:59+00:00","twitter_card":"summary_large_image","twitter_misc":{"Est. reading time":"1 minute"},"schema":{"@context":"https:\/\/schema.org","@graph":[{"@type":"WebPage","@id":"https:\/\/uneplumeetmillehistoires.fr\/index.php\/mentions-legales\/","url":"https:\/\/uneplumeetmillehistoires.fr\/index.php\/mentions-legales\/","name":"Mentions L\u00e9gales - Une plume et mille histoires","isPartOf":{"@id":"https:\/\/uneplumeetmillehistoires.fr\/#website"},"datePublished":"2022-09-10T11:43:29+00:00","dateModified":"2022-09-11T12:58:59+00:00","breadcrumb":{"@id":"https:\/\/uneplumeetmillehistoires.fr\/index.php\/mentions-legales\/#breadcrumb"},"inLanguage":"en-US","potentialAction":[{"@type":"ReadAction","target":["https:\/\/uneplumeetmillehistoires.fr\/index.php\/mentions-legales\/"]}]},{"@type":"BreadcrumbList","@id":"https:\/\/uneplumeetmillehistoires.fr\/index.php\/mentions-legales\/#breadcrumb","itemListElement":[{"@type":"ListItem","position":1,"name":"Accueil","item":"https:\/\/uneplumeetmillehistoires.fr\/"},{"@type":"ListItem","position":2,"name":"Mentions L\u00e9gales"}]},{"@type":"WebSite","@id":"https:\/\/uneplumeetmillehistoires.fr\/#website","url":"https:\/\/uneplumeetmillehistoires.fr\/","name":"Une plume et mille histoires","description":"Une plume et mille histoires","publisher":{"@id":"https:\/\/uneplumeetmillehistoires.fr\/#organization"},"potentialAction":[{"@type":"SearchAction","target":{"@type":"EntryPoint","urlTemplate":"https:\/\/uneplumeetmillehistoires.fr\/?s={search_term_string}"},"query-input":"required name=search_term_string"}],"inLanguage":"en-US"},{"@type":"Organization","@id":"https:\/\/uneplumeetmillehistoires.fr\/#organization","name":"Une plume et mille histoires","url":"https:\/\/uneplumeetmillehistoires.fr\/","logo":{"@type":"ImageObject","inLanguage":"en-US","@id":"https:\/\/uneplumeetmillehistoires.fr\/#\/schema\/logo\/image\/","url":"https:\/\/uneplumeetmillehistoires.fr\/wp-content\/uploads\/2022\/10\/cropped-logo-Une-plume-et-mille-histoires.png","contentUrl":"https:\/\/uneplumeetmillehistoires.fr\/wp-content\/uploads\/2022\/10\/cropped-logo-Une-plume-et-mille-histoires.png","width":1039,"height":685,"caption":"Une plume et mille histoires"},"image":{"@id":"https:\/\/uneplumeetmillehistoires.fr\/#\/schema\/logo\/image\/"},"sameAs":["https:\/\/www.facebook.com\/profile.php?id=100086652561948"]}]}},"_links":{"self":[{"href":"https:\/\/uneplumeetmillehistoires.fr\/index.php\/wp-json\/wp\/v2\/pages\/41","targetHints":{"allow":["GET"]}}],"collection":[{"href":"https:\/\/uneplumeetmillehistoires.fr\/index.php\/wp-json\/wp\/v2\/pages"}],"about":[{"href":"https:\/\/uneplumeetmillehistoires.fr\/index.php\/wp-json\/wp\/v2\/types\/page"}],"author":[{"embeddable":true,"href":"https:\/\/uneplumeetmillehistoires.fr\/index.php\/wp-json\/wp\/v2\/users\/1"}],"replies":[{"embeddable":true,"href":"https:\/\/uneplumeetmillehistoires.fr\/index.php\/wp-json\/wp\/v2\/comments?post=41"}],"version-history":[{"count":25,"href":"https:\/\/uneplumeetmillehistoires.fr\/index.php\/wp-json\/wp\/v2\/pages\/41\/revisions"}],"predecessor-version":[{"id":173,"href":"https:\/\/uneplumeetmillehistoires.fr\/index.php\/wp-json\/wp\/v2\/pages\/41\/revisions\/173"}],"wp:attachment":[{"href":"https:\/\/uneplumeetmillehistoires.fr\/index.php\/wp-json\/wp\/v2\/media?parent=41"}],"curies":[{"name":"wp","href":"https:\/\/api.w.org\/{rel}","templated":true}]}}