{"id":34,"date":"2022-09-10T13:42:06","date_gmt":"2022-09-10T11:42:06","guid":{"rendered":"http:\/\/uneplumeetmillehistoires.fr\/?page_id=34"},"modified":"2024-01-07T14:22:24","modified_gmt":"2024-01-07T13:22:24","slug":"accueil","status":"publish","type":"page","link":"https:\/\/uneplumeetmillehistoires.fr\/","title":{"rendered":"Bienvenue sur le site de &#8220;Une plume et mille histoires&#8221;!"},"content":{"rendered":"\t\t<div data-elementor-type=\"wp-page\" data-elementor-id=\"34\" class=\"elementor elementor-34\">\n\t\t\t\t\t\t<section class=\"elementor-section elementor-top-section elementor-element elementor-element-79eee02 elementor-section-stretched elementor-section-boxed elementor-section-height-default elementor-section-height-default\" data-id=\"79eee02\" data-element_type=\"section\" data-settings=\"{&quot;stretch_section&quot;:&quot;section-stretched&quot;}\">\n\t\t\t\t\t\t<div class=\"elementor-container elementor-column-gap-default\">\n\t\t\t\t\t<div class=\"elementor-column elementor-col-100 elementor-top-column elementor-element elementor-element-6f7298b\" data-id=\"6f7298b\" data-element_type=\"column\">\n\t\t\t<div class=\"elementor-widget-wrap elementor-element-populated\">\n\t\t\t\t\t\t<div class=\"elementor-element elementor-element-3583eee elementor-widget elementor-widget-heading\" data-id=\"3583eee\" data-element_type=\"widget\" data-widget_type=\"heading.default\">\n\t\t\t\t<div class=\"elementor-widget-container\">\n\t\t\t<style>\/*! elementor - v3.23.0 - 15-07-2024 *\/\n.elementor-heading-title{padding:0;margin:0;line-height:1}.elementor-widget-heading .elementor-heading-title[class*=elementor-size-]>a{color:inherit;font-size:inherit;line-height:inherit}.elementor-widget-heading .elementor-heading-title.elementor-size-small{font-size:15px}.elementor-widget-heading .elementor-heading-title.elementor-size-medium{font-size:19px}.elementor-widget-heading .elementor-heading-title.elementor-size-large{font-size:29px}.elementor-widget-heading .elementor-heading-title.elementor-size-xl{font-size:39px}.elementor-widget-heading .elementor-heading-title.elementor-size-xxl{font-size:59px}<\/style><h1 class=\"elementor-heading-title elementor-size-default\">Bienvenue sur le site de \u00ab Une plume et mille histoires \u00bb !<\/h1>\t\t<\/div>\n\t\t\t\t<\/div>\n\t\t\t\t\t<\/div>\n\t\t<\/div>\n\t\t\t\t\t<\/div>\n\t\t<\/section>\n\t\t\t\t<section class=\"elementor-section elementor-top-section elementor-element elementor-element-cd7d60c elementor-section-stretched elementor-section-boxed elementor-section-height-default elementor-section-height-default\" data-id=\"cd7d60c\" data-element_type=\"section\" data-settings=\"{&quot;stretch_section&quot;:&quot;section-stretched&quot;}\">\n\t\t\t\t\t\t<div class=\"elementor-container elementor-column-gap-default\">\n\t\t\t\t\t<div class=\"elementor-column elementor-col-100 elementor-top-column elementor-element elementor-element-4be175f\" data-id=\"4be175f\" data-element_type=\"column\">\n\t\t\t<div class=\"elementor-widget-wrap elementor-element-populated\">\n\t\t\t\t\t\t<div class=\"elementor-element elementor-element-a198e9d elementor-widget elementor-widget-text-editor\" data-id=\"a198e9d\" data-element_type=\"widget\" data-widget_type=\"text-editor.default\">\n\t\t\t\t<div class=\"elementor-widget-container\">\n\t\t\t<style>\/*! elementor - v3.23.0 - 15-07-2024 *\/\n.elementor-widget-text-editor.elementor-drop-cap-view-stacked .elementor-drop-cap{background-color:#69727d;color:#fff}.elementor-widget-text-editor.elementor-drop-cap-view-framed .elementor-drop-cap{color:#69727d;border:3px solid;background-color:transparent}.elementor-widget-text-editor:not(.elementor-drop-cap-view-default) .elementor-drop-cap{margin-top:8px}.elementor-widget-text-editor:not(.elementor-drop-cap-view-default) .elementor-drop-cap-letter{width:1em;height:1em}.elementor-widget-text-editor .elementor-drop-cap{float:left;text-align:center;line-height:1;font-size:50px}.elementor-widget-text-editor .elementor-drop-cap-letter{display:inline-block}<\/style>\t\t\t\t<p style=\"text-align: center;\"><strong>\u00c9crivain biographe &#8211; Ateliers d&#8217;\u00e9criture &#8211; Lectures \u00e0 voix haute<\/strong><\/p>\t\t\t\t\t\t<\/div>\n\t\t\t\t<\/div>\n\t\t\t\t\t<\/div>\n\t\t<\/div>\n\t\t\t\t\t<\/div>\n\t\t<\/section>\n\t\t\t\t<section class=\"elementor-section elementor-top-section elementor-element elementor-element-9f56604 elementor-section-stretched elementor-section-boxed elementor-section-height-default elementor-section-height-default\" data-id=\"9f56604\" data-element_type=\"section\" data-settings=\"{&quot;stretch_section&quot;:&quot;section-stretched&quot;}\">\n\t\t\t\t\t\t<div class=\"elementor-container elementor-column-gap-default\">\n\t\t\t\t\t<div class=\"elementor-column elementor-col-100 elementor-top-column elementor-element elementor-element-08645db\" data-id=\"08645db\" data-element_type=\"column\">\n\t\t\t<div class=\"elementor-widget-wrap elementor-element-populated\">\n\t\t\t\t\t\t<section class=\"elementor-section elementor-inner-section elementor-element elementor-element-594aed1 elementor-section-boxed elementor-section-height-default elementor-section-height-default\" data-id=\"594aed1\" data-element_type=\"section\">\n\t\t\t\t\t\t<div class=\"elementor-container elementor-column-gap-wide\">\n\t\t\t\t\t<div class=\"elementor-column elementor-col-33 elementor-inner-column elementor-element elementor-element-f5ede46\" data-id=\"f5ede46\" data-element_type=\"column\">\n\t\t\t<div class=\"elementor-widget-wrap elementor-element-populated\">\n\t\t\t\t\t\t<div class=\"elementor-element elementor-element-94242e1 elementor-widget elementor-widget-text-editor\" data-id=\"94242e1\" data-element_type=\"widget\" data-widget_type=\"text-editor.default\">\n\t\t\t\t<div class=\"elementor-widget-container\">\n\t\t\t\t\t\t\t<p style=\"text-align: center;\"><span style=\"color: #9e002a;\"><a style=\"color: #9e002a;\" href=\"https:\/\/uneplumeetmillehistoires.fr\/index.php\/racontez-moi-votre-histoire\/\"><strong><span style=\"text-decoration: underline;\">\u00ab Racontez-moi votre histoire \u00bb<\/span><\/strong><\/a>&#8230;<\/span> Et \u00e9crivons ensemble votre <span style=\"text-decoration: underline;\"><a href=\"https:\/\/uneplumeetmillehistoires.fr\/index.php\/racontez-moi-votre-histoire\/\"><strong><span style=\"color: #871818; text-decoration: underline;\"><span style=\"color: #9e002a; text-decoration: underline;\">biographie<\/span><\/span><\/strong><\/a><\/span> !<\/p>\t\t\t\t\t\t<\/div>\n\t\t\t\t<\/div>\n\t\t\t\t\t<\/div>\n\t\t<\/div>\n\t\t\t\t<div class=\"elementor-column elementor-col-33 elementor-inner-column elementor-element elementor-element-6f9cb2a\" data-id=\"6f9cb2a\" data-element_type=\"column\">\n\t\t\t<div class=\"elementor-widget-wrap elementor-element-populated\">\n\t\t\t\t\t\t<div class=\"elementor-element elementor-element-9472042 elementor-widget elementor-widget-text-editor\" data-id=\"9472042\" data-element_type=\"widget\" data-widget_type=\"text-editor.default\">\n\t\t\t\t<div class=\"elementor-widget-container\">\n\t\t\t\t\t\t\t<p style=\"text-align: center;\">Prenez plaisir \u00e0 imaginer <span style=\"text-decoration: underline; color: #9e002a;\"><a style=\"color: #9e002a;\" href=\"https:\/\/uneplumeetmillehistoires.fr\/index.php\/des-jeux-des-mots-des-histoires\/\"><span style=\"text-decoration: underline;\"><strong>\u00ab Des jeux, des mots, des histoires \u00bb<\/strong><\/span><\/a><\/span> en accueillant mes <a href=\"https:\/\/uneplumeetmillehistoires.fr\/index.php\/des-jeux-des-mots-des-histoires\/\"><strong><span style=\"text-decoration: underline; color: #9e002a;\"><span>ateliers d\u2019\u00e9criture<\/span><\/span> <\/strong><\/a>!<\/p>\t\t\t\t\t\t<\/div>\n\t\t\t\t<\/div>\n\t\t\t\t\t<\/div>\n\t\t<\/div>\n\t\t\t\t<div class=\"elementor-column elementor-col-33 elementor-inner-column elementor-element elementor-element-be20320\" data-id=\"be20320\" data-element_type=\"column\">\n\t\t\t<div class=\"elementor-widget-wrap elementor-element-populated\">\n\t\t\t\t\t\t<div class=\"elementor-element elementor-element-2ade993 elementor-widget elementor-widget-text-editor\" data-id=\"2ade993\" data-element_type=\"widget\" data-widget_type=\"text-editor.default\">\n\t\t\t\t<div class=\"elementor-widget-container\">\n\t\t\t\t\t\t\t<p style=\"text-align: center;\">Laissez-vous charmer par les albums de <span style=\"color: #9e002a;\"><span style=\"text-decoration: underline;\"><a style=\"color: #9e002a; text-decoration: underline;\" href=\"https:\/\/uneplumeetmillehistoires.fr\/index.php\/dans-ma-valise-a-histoires\/\"><strong><span>\u00ab Ma valise \u00e0 histoires \u00bb<\/span><\/strong><\/a><\/span>, <span style=\"text-decoration: underline;\"><a style=\"color: #9e002a; text-decoration: underline;\" href=\"https:\/\/uneplumeetmillehistoires.fr\/index.php\/dans-ma-valise-a-histoires\/\"><strong>lectures \u00e0 voix haute<\/strong><\/a><\/span> <span style=\"color: #000000;\">pou<\/span><\/span>r petites et grandes oreilles !<\/p>\t\t\t\t\t\t<\/div>\n\t\t\t\t<\/div>\n\t\t\t\t\t<\/div>\n\t\t<\/div>\n\t\t\t\t\t<\/div>\n\t\t<\/section>\n\t\t\t\t<section class=\"elementor-section elementor-inner-section elementor-element elementor-element-fa3c926 elementor-section-content-middle elementor-section-boxed elementor-section-height-default elementor-section-height-default\" data-id=\"fa3c926\" data-element_type=\"section\">\n\t\t\t\t\t\t<div class=\"elementor-container elementor-column-gap-default\">\n\t\t\t\t\t<div class=\"elementor-column elementor-col-25 elementor-inner-column elementor-element elementor-element-0ca8232\" data-id=\"0ca8232\" data-element_type=\"column\">\n\t\t\t<div class=\"elementor-widget-wrap elementor-element-populated\">\n\t\t\t\t\t\t<div class=\"elementor-element elementor-element-8fbb1e5 elementor-widget elementor-widget-image\" data-id=\"8fbb1e5\" data-element_type=\"widget\" data-widget_type=\"image.default\">\n\t\t\t\t<div class=\"elementor-widget-container\">\n\t\t\t<style>\/*! elementor - v3.23.0 - 15-07-2024 *\/\n.elementor-widget-image{text-align:center}.elementor-widget-image a{display:inline-block}.elementor-widget-image a img[src$=\".svg\"]{width:48px}.elementor-widget-image img{vertical-align:middle;display:inline-block}<\/style>\t\t\t\t\t\t\t\t\t\t<img fetchpriority=\"high\" decoding=\"async\" width=\"1024\" height=\"683\" src=\"https:\/\/uneplumeetmillehistoires.fr\/wp-content\/uploads\/2022\/10\/3-Biographie-Sabine-Van-Erp-Pixabay-1024x683.jpg\" class=\"attachment-large size-large wp-image-349\" alt=\"\" srcset=\"https:\/\/uneplumeetmillehistoires.fr\/wp-content\/uploads\/2022\/10\/3-Biographie-Sabine-Van-Erp-Pixabay-1024x683.jpg 1024w, https:\/\/uneplumeetmillehistoires.fr\/wp-content\/uploads\/2022\/10\/3-Biographie-Sabine-Van-Erp-Pixabay-300x200.jpg 300w, https:\/\/uneplumeetmillehistoires.fr\/wp-content\/uploads\/2022\/10\/3-Biographie-Sabine-Van-Erp-Pixabay-768x512.jpg 768w, https:\/\/uneplumeetmillehistoires.fr\/wp-content\/uploads\/2022\/10\/3-Biographie-Sabine-Van-Erp-Pixabay-1536x1024.jpg 1536w, https:\/\/uneplumeetmillehistoires.fr\/wp-content\/uploads\/2022\/10\/3-Biographie-Sabine-Van-Erp-Pixabay.jpg 1920w\" sizes=\"(max-width: 1024px) 100vw, 1024px\" \/>\t\t\t\t\t\t\t\t\t\t\t\t\t<\/div>\n\t\t\t\t<\/div>\n\t\t\t\t\t<\/div>\n\t\t<\/div>\n\t\t\t\t<div class=\"elementor-column elementor-col-25 elementor-inner-column elementor-element elementor-element-3d1b2f5\" data-id=\"3d1b2f5\" data-element_type=\"column\">\n\t\t\t<div class=\"elementor-widget-wrap elementor-element-populated\">\n\t\t\t\t\t\t<div class=\"elementor-element elementor-element-58eaa1d elementor-widget elementor-widget-image\" data-id=\"58eaa1d\" data-element_type=\"widget\" data-widget_type=\"image.default\">\n\t\t\t\t<div class=\"elementor-widget-container\">\n\t\t\t\t\t\t\t\t\t\t\t\t\t<img decoding=\"async\" width=\"1024\" height=\"461\" src=\"https:\/\/uneplumeetmillehistoires.fr\/wp-content\/uploads\/2022\/10\/2-page-daccueil-photo-ateliers-decriture-1024x461.jpg\" class=\"attachment-large size-large wp-image-567\" alt=\"\" srcset=\"https:\/\/uneplumeetmillehistoires.fr\/wp-content\/uploads\/2022\/10\/2-page-daccueil-photo-ateliers-decriture-1024x461.jpg 1024w, https:\/\/uneplumeetmillehistoires.fr\/wp-content\/uploads\/2022\/10\/2-page-daccueil-photo-ateliers-decriture-300x135.jpg 300w, https:\/\/uneplumeetmillehistoires.fr\/wp-content\/uploads\/2022\/10\/2-page-daccueil-photo-ateliers-decriture-768x346.jpg 768w, https:\/\/uneplumeetmillehistoires.fr\/wp-content\/uploads\/2022\/10\/2-page-daccueil-photo-ateliers-decriture-1536x691.jpg 1536w, https:\/\/uneplumeetmillehistoires.fr\/wp-content\/uploads\/2022\/10\/2-page-daccueil-photo-ateliers-decriture.jpg 2000w\" sizes=\"(max-width: 1024px) 100vw, 1024px\" \/>\t\t\t\t\t\t\t\t\t\t\t\t\t<\/div>\n\t\t\t\t<\/div>\n\t\t\t\t\t<\/div>\n\t\t<\/div>\n\t\t\t\t<div class=\"elementor-column elementor-col-25 elementor-inner-column elementor-element elementor-element-9f4fbcb\" data-id=\"9f4fbcb\" data-element_type=\"column\">\n\t\t\t<div class=\"elementor-widget-wrap elementor-element-populated\">\n\t\t\t\t\t\t<div class=\"elementor-element elementor-element-dcf9e78 elementor-widget elementor-widget-image\" data-id=\"dcf9e78\" data-element_type=\"widget\" data-widget_type=\"image.default\">\n\t\t\t\t<div class=\"elementor-widget-container\">\n\t\t\t\t\t\t\t\t\t\t\t\t\t<img decoding=\"async\" width=\"771\" height=\"1024\" src=\"https:\/\/uneplumeetmillehistoires.fr\/wp-content\/uploads\/2023\/05\/1-2-Modif-page-daccueil-photo-lectures-771x1024.jpg\" class=\"attachment-large size-large wp-image-837\" alt=\"\" srcset=\"https:\/\/uneplumeetmillehistoires.fr\/wp-content\/uploads\/2023\/05\/1-2-Modif-page-daccueil-photo-lectures-771x1024.jpg 771w, https:\/\/uneplumeetmillehistoires.fr\/wp-content\/uploads\/2023\/05\/1-2-Modif-page-daccueil-photo-lectures-226x300.jpg 226w, https:\/\/uneplumeetmillehistoires.fr\/wp-content\/uploads\/2023\/05\/1-2-Modif-page-daccueil-photo-lectures-768x1020.jpg 768w, https:\/\/uneplumeetmillehistoires.fr\/wp-content\/uploads\/2023\/05\/1-2-Modif-page-daccueil-photo-lectures-1157x1536.jpg 1157w, https:\/\/uneplumeetmillehistoires.fr\/wp-content\/uploads\/2023\/05\/1-2-Modif-page-daccueil-photo-lectures-1542x2048.jpg 1542w, https:\/\/uneplumeetmillehistoires.fr\/wp-content\/uploads\/2023\/05\/1-2-Modif-page-daccueil-photo-lectures-scaled.jpg 1928w\" sizes=\"(max-width: 771px) 100vw, 771px\" \/>\t\t\t\t\t\t\t\t\t\t\t\t\t<\/div>\n\t\t\t\t<\/div>\n\t\t\t\t\t<\/div>\n\t\t<\/div>\n\t\t\t\t<div class=\"elementor-column elementor-col-25 elementor-inner-column elementor-element elementor-element-cfb6d30\" data-id=\"cfb6d30\" data-element_type=\"column\">\n\t\t\t<div class=\"elementor-widget-wrap\">\n\t\t\t\t\t\t\t<\/div>\n\t\t<\/div>\n\t\t\t\t\t<\/div>\n\t\t<\/section>\n\t\t\t\t\t<\/div>\n\t\t<\/div>\n\t\t\t\t\t<\/div>\n\t\t<\/section>\n\t\t\t\t<section class=\"elementor-section elementor-top-section elementor-element elementor-element-f19c315 elementor-section-stretched elementor-section-boxed elementor-section-height-default elementor-section-height-default\" data-id=\"f19c315\" data-element_type=\"section\" data-settings=\"{&quot;stretch_section&quot;:&quot;section-stretched&quot;}\">\n\t\t\t\t\t\t<div class=\"elementor-container elementor-column-gap-default\">\n\t\t\t\t\t<div class=\"elementor-column elementor-col-100 elementor-top-column elementor-element elementor-element-74a1de3\" data-id=\"74a1de3\" data-element_type=\"column\">\n\t\t\t<div class=\"elementor-widget-wrap elementor-element-populated\">\n\t\t\t\t\t\t<div class=\"elementor-element elementor-element-d7e1328 elementor-widget elementor-widget-text-editor\" data-id=\"d7e1328\" data-element_type=\"widget\" data-widget_type=\"text-editor.default\">\n\t\t\t\t<div class=\"elementor-widget-container\">\n\t\t\t\t\t\t\t<p style=\"text-align: center;\"><strong>Envie d&#8217;en savoir plus ? &#8230; <span style=\"color: #9e002a;\"><a style=\"color: #9e002a;\" href=\"https:\/\/uneplumeetmillehistoires.fr\/index.php\/a-propos\/\"><span style=\"text-decoration: underline;\">Contactez-moi !<\/span><\/a><\/span><\/strong><\/p>\t\t\t\t\t\t<\/div>\n\t\t\t\t<\/div>\n\t\t\t\t\t<\/div>\n\t\t<\/div>\n\t\t\t\t\t<\/div>\n\t\t<\/section>\n\t\t\t\t<\/div>\n\t\t","protected":false},"excerpt":{"rendered":"<p>Bienvenue sur le site de \u00ab Une plume et mille histoires \u00bb ! \u00c9crivain biographe &#8211; Ateliers d&#8217;\u00e9criture &#8211; Lectures \u00e0 voix haute \u00ab Racontez-moi votre histoire \u00bb&#8230; Et \u00e9crivons ensemble votre biographie ! Prenez plaisir \u00e0 imaginer \u00ab Des jeux, des mots, des histoires \u00bb en accueillant mes ateliers d\u2019\u00e9criture ! Laissez-vous charmer par [&hellip;]<\/p>\n","protected":false},"author":1,"featured_media":0,"parent":0,"menu_order":0,"comment_status":"closed","ping_status":"closed","template":"","meta":{"footnotes":""},"class_list":["post-34","page","type-page","status-publish","hentry","entry"],"yoast_head":"<!-- This site is optimized with the Yoast SEO plugin v23.0 - https:\/\/yoast.com\/wordpress\/plugins\/seo\/ -->\n<title>Bienvenue sur le site de &quot;Une plume et mille histoires&quot;! - Une plume et mille histoires<\/title>\n<meta name=\"robots\" content=\"index, follow, max-snippet:-1, max-image-preview:large, max-video-preview:-1\" \/>\n<link rel=\"canonical\" href=\"https:\/\/uneplumeetmillehistoires.fr\/\" \/>\n<meta property=\"og:locale\" content=\"en_US\" \/>\n<meta property=\"og:type\" content=\"article\" \/>\n<meta property=\"og:title\" content=\"Bienvenue sur le site de &quot;Une plume et mille histoires&quot;! - Une plume et mille histoires\" \/>\n<meta property=\"og:description\" content=\"Bienvenue sur le site de \u00ab Une plume et mille histoires \u00bb ! \u00c9crivain biographe &#8211; Ateliers d&#8217;\u00e9criture &#8211; Lectures \u00e0 voix haute \u00ab Racontez-moi votre histoire \u00bb&#8230; Et \u00e9crivons ensemble votre biographie ! Prenez plaisir \u00e0 imaginer \u00ab Des jeux, des mots, des histoires \u00bb en accueillant mes ateliers d\u2019\u00e9criture ! Laissez-vous charmer par [&hellip;]\" \/>\n<meta property=\"og:url\" content=\"https:\/\/uneplumeetmillehistoires.fr\/\" \/>\n<meta property=\"og:site_name\" content=\"Une plume et mille histoires\" \/>\n<meta property=\"article:publisher\" content=\"https:\/\/www.facebook.com\/profile.php?id=100086652561948\" \/>\n<meta property=\"article:modified_time\" content=\"2024-01-07T13:22:24+00:00\" \/>\n<meta property=\"og:image\" content=\"http:\/\/uneplumeetmillehistoires.fr\/wp-content\/uploads\/2022\/10\/3-Biographie-Sabine-Van-Erp-Pixabay-1024x683.jpg\" \/>\n<meta name=\"twitter:card\" content=\"summary_large_image\" \/>\n<meta name=\"twitter:label1\" content=\"Est. reading time\" \/>\n\t<meta name=\"twitter:data1\" content=\"1 minute\" \/>\n<script type=\"application\/ld+json\" class=\"yoast-schema-graph\">{\"@context\":\"https:\/\/schema.org\",\"@graph\":[{\"@type\":\"WebPage\",\"@id\":\"https:\/\/uneplumeetmillehistoires.fr\/\",\"url\":\"https:\/\/uneplumeetmillehistoires.fr\/\",\"name\":\"Bienvenue sur le site de \\\"Une plume et mille histoires\\\"! - Une plume et mille histoires\",\"isPartOf\":{\"@id\":\"https:\/\/uneplumeetmillehistoires.fr\/#website\"},\"primaryImageOfPage\":{\"@id\":\"https:\/\/uneplumeetmillehistoires.fr\/#primaryimage\"},\"image\":{\"@id\":\"https:\/\/uneplumeetmillehistoires.fr\/#primaryimage\"},\"thumbnailUrl\":\"http:\/\/uneplumeetmillehistoires.fr\/wp-content\/uploads\/2022\/10\/3-Biographie-Sabine-Van-Erp-Pixabay-1024x683.jpg\",\"datePublished\":\"2022-09-10T11:42:06+00:00\",\"dateModified\":\"2024-01-07T13:22:24+00:00\",\"breadcrumb\":{\"@id\":\"https:\/\/uneplumeetmillehistoires.fr\/#breadcrumb\"},\"inLanguage\":\"en-US\",\"potentialAction\":[{\"@type\":\"ReadAction\",\"target\":[\"https:\/\/uneplumeetmillehistoires.fr\/\"]}]},{\"@type\":\"ImageObject\",\"inLanguage\":\"en-US\",\"@id\":\"https:\/\/uneplumeetmillehistoires.fr\/#primaryimage\",\"url\":\"https:\/\/uneplumeetmillehistoires.fr\/wp-content\/uploads\/2022\/10\/3-Biographie-Sabine-Van-Erp-Pixabay.jpg\",\"contentUrl\":\"https:\/\/uneplumeetmillehistoires.fr\/wp-content\/uploads\/2022\/10\/3-Biographie-Sabine-Van-Erp-Pixabay.jpg\",\"width\":1920,\"height\":1280},{\"@type\":\"BreadcrumbList\",\"@id\":\"https:\/\/uneplumeetmillehistoires.fr\/#breadcrumb\",\"itemListElement\":[{\"@type\":\"ListItem\",\"position\":1,\"name\":\"Accueil\",\"item\":\"https:\/\/uneplumeetmillehistoires.fr\/\"},{\"@type\":\"ListItem\",\"position\":2,\"name\":\"Bienvenue sur le site de &#8220;Une plume et mille histoires&#8221;!\"}]},{\"@type\":\"WebSite\",\"@id\":\"https:\/\/uneplumeetmillehistoires.fr\/#website\",\"url\":\"https:\/\/uneplumeetmillehistoires.fr\/\",\"name\":\"Une plume et mille histoires\",\"description\":\"Une plume et mille histoires\",\"publisher\":{\"@id\":\"https:\/\/uneplumeetmillehistoires.fr\/#organization\"},\"potentialAction\":[{\"@type\":\"SearchAction\",\"target\":{\"@type\":\"EntryPoint\",\"urlTemplate\":\"https:\/\/uneplumeetmillehistoires.fr\/?s={search_term_string}\"},\"query-input\":\"required name=search_term_string\"}],\"inLanguage\":\"en-US\"},{\"@type\":\"Organization\",\"@id\":\"https:\/\/uneplumeetmillehistoires.fr\/#organization\",\"name\":\"Une plume et mille histoires\",\"url\":\"https:\/\/uneplumeetmillehistoires.fr\/\",\"logo\":{\"@type\":\"ImageObject\",\"inLanguage\":\"en-US\",\"@id\":\"https:\/\/uneplumeetmillehistoires.fr\/#\/schema\/logo\/image\/\",\"url\":\"https:\/\/uneplumeetmillehistoires.fr\/wp-content\/uploads\/2022\/10\/cropped-logo-Une-plume-et-mille-histoires.png\",\"contentUrl\":\"https:\/\/uneplumeetmillehistoires.fr\/wp-content\/uploads\/2022\/10\/cropped-logo-Une-plume-et-mille-histoires.png\",\"width\":1039,\"height\":685,\"caption\":\"Une plume et mille histoires\"},\"image\":{\"@id\":\"https:\/\/uneplumeetmillehistoires.fr\/#\/schema\/logo\/image\/\"},\"sameAs\":[\"https:\/\/www.facebook.com\/profile.php?id=100086652561948\"]}]}<\/script>\n<!-- \/ Yoast SEO plugin. -->","yoast_head_json":{"title":"Bienvenue sur le site de \"Une plume et mille histoires\"! - Une plume et mille histoires","robots":{"index":"index","follow":"follow","max-snippet":"max-snippet:-1","max-image-preview":"max-image-preview:large","max-video-preview":"max-video-preview:-1"},"canonical":"https:\/\/uneplumeetmillehistoires.fr\/","og_locale":"en_US","og_type":"article","og_title":"Bienvenue sur le site de \"Une plume et mille histoires\"! - Une plume et mille histoires","og_description":"Bienvenue sur le site de \u00ab Une plume et mille histoires \u00bb ! \u00c9crivain biographe &#8211; Ateliers d&#8217;\u00e9criture &#8211; Lectures \u00e0 voix haute \u00ab Racontez-moi votre histoire \u00bb&#8230; Et \u00e9crivons ensemble votre biographie ! Prenez plaisir \u00e0 imaginer \u00ab Des jeux, des mots, des histoires \u00bb en accueillant mes ateliers d\u2019\u00e9criture ! Laissez-vous charmer par [&hellip;]","og_url":"https:\/\/uneplumeetmillehistoires.fr\/","og_site_name":"Une plume et mille histoires","article_publisher":"https:\/\/www.facebook.com\/profile.php?id=100086652561948","article_modified_time":"2024-01-07T13:22:24+00:00","og_image":[{"url":"http:\/\/uneplumeetmillehistoires.fr\/wp-content\/uploads\/2022\/10\/3-Biographie-Sabine-Van-Erp-Pixabay-1024x683.jpg"}],"twitter_card":"summary_large_image","twitter_misc":{"Est. reading time":"1 minute"},"schema":{"@context":"https:\/\/schema.org","@graph":[{"@type":"WebPage","@id":"https:\/\/uneplumeetmillehistoires.fr\/","url":"https:\/\/uneplumeetmillehistoires.fr\/","name":"Bienvenue sur le site de \"Une plume et mille histoires\"! - Une plume et mille histoires","isPartOf":{"@id":"https:\/\/uneplumeetmillehistoires.fr\/#website"},"primaryImageOfPage":{"@id":"https:\/\/uneplumeetmillehistoires.fr\/#primaryimage"},"image":{"@id":"https:\/\/uneplumeetmillehistoires.fr\/#primaryimage"},"thumbnailUrl":"http:\/\/uneplumeetmillehistoires.fr\/wp-content\/uploads\/2022\/10\/3-Biographie-Sabine-Van-Erp-Pixabay-1024x683.jpg","datePublished":"2022-09-10T11:42:06+00:00","dateModified":"2024-01-07T13:22:24+00:00","breadcrumb":{"@id":"https:\/\/uneplumeetmillehistoires.fr\/#breadcrumb"},"inLanguage":"en-US","potentialAction":[{"@type":"ReadAction","target":["https:\/\/uneplumeetmillehistoires.fr\/"]}]},{"@type":"ImageObject","inLanguage":"en-US","@id":"https:\/\/uneplumeetmillehistoires.fr\/#primaryimage","url":"https:\/\/uneplumeetmillehistoires.fr\/wp-content\/uploads\/2022\/10\/3-Biographie-Sabine-Van-Erp-Pixabay.jpg","contentUrl":"https:\/\/uneplumeetmillehistoires.fr\/wp-content\/uploads\/2022\/10\/3-Biographie-Sabine-Van-Erp-Pixabay.jpg","width":1920,"height":1280},{"@type":"BreadcrumbList","@id":"https:\/\/uneplumeetmillehistoires.fr\/#breadcrumb","itemListElement":[{"@type":"ListItem","position":1,"name":"Accueil","item":"https:\/\/uneplumeetmillehistoires.fr\/"},{"@type":"ListItem","position":2,"name":"Bienvenue sur le site de &#8220;Une plume et mille histoires&#8221;!"}]},{"@type":"WebSite","@id":"https:\/\/uneplumeetmillehistoires.fr\/#website","url":"https:\/\/uneplumeetmillehistoires.fr\/","name":"Une plume et mille histoires","description":"Une plume et mille histoires","publisher":{"@id":"https:\/\/uneplumeetmillehistoires.fr\/#organization"},"potentialAction":[{"@type":"SearchAction","target":{"@type":"EntryPoint","urlTemplate":"https:\/\/uneplumeetmillehistoires.fr\/?s={search_term_string}"},"query-input":"required name=search_term_string"}],"inLanguage":"en-US"},{"@type":"Organization","@id":"https:\/\/uneplumeetmillehistoires.fr\/#organization","name":"Une plume et mille histoires","url":"https:\/\/uneplumeetmillehistoires.fr\/","logo":{"@type":"ImageObject","inLanguage":"en-US","@id":"https:\/\/uneplumeetmillehistoires.fr\/#\/schema\/logo\/image\/","url":"https:\/\/uneplumeetmillehistoires.fr\/wp-content\/uploads\/2022\/10\/cropped-logo-Une-plume-et-mille-histoires.png","contentUrl":"https:\/\/uneplumeetmillehistoires.fr\/wp-content\/uploads\/2022\/10\/cropped-logo-Une-plume-et-mille-histoires.png","width":1039,"height":685,"caption":"Une plume et mille histoires"},"image":{"@id":"https:\/\/uneplumeetmillehistoires.fr\/#\/schema\/logo\/image\/"},"sameAs":["https:\/\/www.facebook.com\/profile.php?id=100086652561948"]}]}},"_links":{"self":[{"href":"https:\/\/uneplumeetmillehistoires.fr\/index.php\/wp-json\/wp\/v2\/pages\/34","targetHints":{"allow":["GET"]}}],"collection":[{"href":"https:\/\/uneplumeetmillehistoires.fr\/index.php\/wp-json\/wp\/v2\/pages"}],"about":[{"href":"https:\/\/uneplumeetmillehistoires.fr\/index.php\/wp-json\/wp\/v2\/types\/page"}],"author":[{"embeddable":true,"href":"https:\/\/uneplumeetmillehistoires.fr\/index.php\/wp-json\/wp\/v2\/users\/1"}],"replies":[{"embeddable":true,"href":"https:\/\/uneplumeetmillehistoires.fr\/index.php\/wp-json\/wp\/v2\/comments?post=34"}],"version-history":[{"count":132,"href":"https:\/\/uneplumeetmillehistoires.fr\/index.php\/wp-json\/wp\/v2\/pages\/34\/revisions"}],"predecessor-version":[{"id":932,"href":"https:\/\/uneplumeetmillehistoires.fr\/index.php\/wp-json\/wp\/v2\/pages\/34\/revisions\/932"}],"wp:attachment":[{"href":"https:\/\/uneplumeetmillehistoires.fr\/index.php\/wp-json\/wp\/v2\/media?parent=34"}],"curies":[{"name":"wp","href":"https:\/\/api.w.org\/{rel}","templated":true}]}}